{"id":1043,"date":"2026-02-26T19:14:14","date_gmt":"2026-02-26T18:14:14","guid":{"rendered":"https:\/\/editionandreasirle.de\/?page_id=1043"},"modified":"2026-02-26T19:18:38","modified_gmt":"2026-02-26T18:18:38","slug":"die-wunderwerker","status":"publish","type":"page","link":"https:\/\/editionandreasirle.de\/?page_id=1043","title":{"rendered":"Die Wunderwerker"},"content":{"rendered":"<div class=\"wp-block-image\">\n<figure class=\"aligncenter is-resized\"><img loading=\"lazy\" decoding=\"async\" width=\"1659\" height=\"2560\" src=\"http:\/\/editionandreasirle.de\/wp-content\/uploads\/2026\/02\/Die-Wunderwerker-scaled.jpg\" alt=\"\" class=\"wp-image-1045\" style=\"aspect-ratio:0.6480435393799806;width:190px;height:auto\" srcset=\"https:\/\/editionandreasirle.de\/wp-content\/uploads\/2026\/02\/Die-Wunderwerker-scaled.jpg 1659w, https:\/\/editionandreasirle.de\/wp-content\/uploads\/2026\/02\/Die-Wunderwerker-194x300.jpg 194w, https:\/\/editionandreasirle.de\/wp-content\/uploads\/2026\/02\/Die-Wunderwerker-664x1024.jpg 664w, https:\/\/editionandreasirle.de\/wp-content\/uploads\/2026\/02\/Die-Wunderwerker-768x1185.jpg 768w, https:\/\/editionandreasirle.de\/wp-content\/uploads\/2026\/02\/Die-Wunderwerker-995x1536.jpg 995w, https:\/\/editionandreasirle.de\/wp-content\/uploads\/2026\/02\/Die-Wunderwerker-1327x2048.jpg 1327w\" sizes=\"auto, (max-width: 1659px) 100vw, 1659px\" \/><\/figure>\n<\/div>\n\n\n<p class=\"has-text-align-center\">Originalzusammenstellung<br>Geschichten von 1957-1961<br>\u00dcbersetzt von Andreas Irle<br>367 Seiten<br>Edition Andreas Irle, 2026<br>ISBN 978-3-936922-41-7<br>Preis: EUR 55,--<br><\/p>\n\n\n\n<p>Inhalt:<br>Die Hausherren \u2013 The House Lords (deutsche Erstver\u00f6ffentlichung)<br>Die Wunderwerker \u2013 The Miracle Workers<br>Parapsyche \u2013 Parapsyche (deutsche Erstver\u00f6ffentlichung)<br>Ullwards Zuflucht \u2013 Ullward's Retreat<br>Dodkins Job \u2013 Dodkin's Job<br>Die Mondmotte \u2013&nbsp;The Moon Moth&nbsp;&nbsp;&nbsp;&nbsp;&nbsp;<\/p>\n\n\n\n<p>Zwei Geschichten als deutsche Erstver\u00f6ffentlichungen, eine k\u00fcrzere und eine mit \u00fcber 130 Seiten! Dazu einige der besten Geschichten von Jack Vance \u00fcberhaupt, insbesondere \"Die Wunderwerker\" und nat\u00fcrlich \"Die Mondmotte\".<\/p>\n","protected":false},"excerpt":{"rendered":"<p>OriginalzusammenstellungGeschichten von 1957-1961\u00dcbersetzt von Andreas Irle367 SeitenEdition Andreas Irle, 2026ISBN 978-3-936922-41-7Preis: EUR 55,-- Inhalt:Die Hausherren \u2013 The House Lords (deutsche Erstver\u00f6ffentlichung)Die Wunderwerker \u2013 The Miracle WorkersParapsyche \u2013 Parapsyche (deutsche Erstver\u00f6ffentlichung)Ullwards Zuflucht \u2013 Ullward's RetreatDodkins Job \u2013 Dodkin's JobDie Mondmotte \u2013&nbsp;The Moon Moth&nbsp;&nbsp;&nbsp;&nbsp;&nbsp; Zwei Geschichten als deutsche Erstver\u00f6ffentlichungen, eine k\u00fcrzere und eine mit \u00fcber 130 Seiten! Dazu einige der besten Geschichten&nbsp;<a href=\"https:\/\/editionandreasirle.de\/?page_id=1043\" class=\"read-more\">Weiter lesen<\/a><\/p>\n","protected":false},"author":2,"featured_media":0,"parent":0,"menu_order":0,"comment_status":"closed","ping_status":"closed","template":"","meta":{"footnotes":""},"class_list":["post-1043","page","type-page","status-publish","hentry"],"_links":{"self":[{"href":"https:\/\/editionandreasirle.de\/index.php?rest_route=\/wp\/v2\/pages\/1043","targetHints":{"allow":["GET"]}}],"collection":[{"href":"https:\/\/editionandreasirle.de\/index.php?rest_route=\/wp\/v2\/pages"}],"about":[{"href":"https:\/\/editionandreasirle.de\/index.php?rest_route=\/wp\/v2\/types\/page"}],"author":[{"embeddable":true,"href":"https:\/\/editionandreasirle.de\/index.php?rest_route=\/wp\/v2\/users\/2"}],"replies":[{"embeddable":true,"href":"https:\/\/editionandreasirle.de\/index.php?rest_route=%2Fwp%2Fv2%2Fcomments&post=1043"}],"version-history":[{"count":2,"href":"https:\/\/editionandreasirle.de\/index.php?rest_route=\/wp\/v2\/pages\/1043\/revisions"}],"predecessor-version":[{"id":1055,"href":"https:\/\/editionandreasirle.de\/index.php?rest_route=\/wp\/v2\/pages\/1043\/revisions\/1055"}],"wp:attachment":[{"href":"https:\/\/editionandreasirle.de\/index.php?rest_route=%2Fwp%2Fv2%2Fmedia&parent=1043"}],"curies":[{"name":"wp","href":"https:\/\/api.w.org\/{rel}","templated":true}]}}