{"id":146,"date":"2017-07-08T12:34:23","date_gmt":"2017-07-08T10:34:23","guid":{"rendered":"http:\/\/editionandreasirle.com\/?page_id=146"},"modified":"2017-11-11T15:30:52","modified_gmt":"2017-11-11T14:30:52","slug":"t-mordmaschine-die","status":"publish","type":"page","link":"https:\/\/editionandreasirle.de\/?page_id=146","title":{"rendered":"Die Mordmaschine"},"content":{"rendered":"<p><img loading=\"lazy\" decoding=\"async\" class=\"size-medium wp-image-105 aligncenter\" src=\"http:\/\/editionandreasirle.com\/wp-content\/uploads\/2017\/05\/mordmaschine-189x300.jpg\" alt=\"\" width=\"189\" height=\"300\" srcset=\"https:\/\/editionandreasirle.de\/wp-content\/uploads\/2017\/05\/mordmaschine-189x300.jpg 189w, https:\/\/editionandreasirle.de\/wp-content\/uploads\/2017\/05\/mordmaschine-768x1220.jpg 768w, https:\/\/editionandreasirle.de\/wp-content\/uploads\/2017\/05\/mordmaschine-645x1024.jpg 645w, https:\/\/editionandreasirle.de\/wp-content\/uploads\/2017\/05\/mordmaschine.jpg 1428w\" sizes=\"auto, (max-width: 189px) 100vw, 189px\" \/><\/p>\n<p style=\"text-align: center;\">The Killing Machine<\/p>\n<p style=\"text-align: center;\">USA, 1964<br \/>\n\u00dcbersetzt von Andreas Irle<br \/>\n211 Seiten<\/p>\n<p style=\"text-align: center;\">Edition Andreas Irle, 2001<br \/>\nISBN\u00a0 3-9804569-8-6<br \/>\nPreis: \u20ac 50,--<\/p>\n<p>&nbsp;<\/p>\n<p>1<br \/>\nDie Kritiker diskutieren Baron Bodisseys Life:<\/p>\n<p>Ein monumentales Werk, wenn man Monumente mag ... Unweigerlich kommt einem die Laoco\u00f6n-Gruppe in den Sinn, mit dem guten Baron, der sich gegen die Windungen des gesunden Menschenverstandes richtet, und die ernsthafteren seiner Leser werden bestrebt sein sich von ihm zu l\u00f6sen.<br \/>\n... Pankretische Rundschau, St. Stephen, Boniface<\/p>\n<p>Schwerf\u00e4llig verdaut die gro\u00dfe Maschine ihre B\u00fcndel von \u00dcberlieferungen; mahlend, \u00e4chzend, bebend bringt sie ihr Erzeugnis hervor: kleine W\u00f6lkchen bei\u00dfenden, mehrfarbigen Dunstes.<br \/>\n... Excalibur, Patris, Krokinole<\/p>\n<p>Sechs B\u00e4nde voller Schimpfkanonaden und Quatsch.<br \/>\n... Academia, London, Erde<\/p>\n<p>Ungeheuerlich, irres Zeug, flegelhaft, untragbar ...<br \/>\n... Der Rigelaner, Avente, Alphanor<\/p>\n<p>Verspr\u00fcht Missgunst \u00fcber die Karrieren besserer Menschen ... Unm\u00f6glich, keinen aufrichtigen \u00c4rger zu versp\u00fcren.<br \/>\n... Galaktischer Kurier, Baltimore, Erde<\/p>\n<p>Verlockend, sich Baron Bodissey bei der Arbeit in seiner von ihm proklamierten arkadischen Heimat vorzustellen, umgeben von bewundernden Ziegenherden.<br \/>\n... El Orchide, Serle, Quantique<\/p>\n<p>&nbsp;<\/p>\n<p style=\"margin: 0cm; margin-bottom: .0001pt; text-align: justify;\">2<\/p>\n<p style=\"margin: 0cm; margin-bottom: .0001pt; text-align: justify;\">Die Luft des Ardhofs roch, mit einem schweren s\u00fc\u00df-sauren organischen Dunst, der die N\u00fcstern bl\u00e4hte, in der Tat ergiebig. Gersen schnitt eine Grimasse und ging zu dem Laden, von dem die Ger\u00fcche auszustr\u00f6men schienen. Tief Luft holend und seinen Kopf vorbeugend, betrat er ihn. Rechts und links standen h\u00f6lzerne Zuber, die Pasten, Fl\u00fcssigkeiten und untergetauchte Festk\u00f6rper enthielten. An der Decke hingen Reihen ausgetrockneter blaugr\u00fcner Objekte in der Gr\u00f6\u00dfe einer M\u00e4nnerfaust. Hinten, hinter einer mit schlaffen rosa W\u00fcrsten vollgestapelten Theke, stand ein clowngesichtiger Jugendlicher von zwanzig Jahren, der einen schwarz-braun gemusterten Kittel und ein schwarzes Kopftuch aus Samt trug. Er lehnte ohne Temperament oder Vitalit\u00e4t auf der Theke und beobachtet Gersen ausdruckslos dabei, wie er mit der Seite voran an den Zubern vorbeiging.<\/p>\n<p style=\"margin: 0cm; margin-bottom: .0001pt; text-align: justify;\">\u00bbSie sind ein Sandusker?\u00ab fragte Gersen.<\/p>\n<p style=\"margin: 0cm; margin-bottom: .0001pt; text-align: justify;\">\u00bbWas sonst?\u00ab Dies wurde in einem Ton gesprochen, den Gersen nicht identifizieren konnte, ein komplexer Modus aus vielen Misskl\u00e4ngen: bek\u00fcmmerter Stolz, wunderliche Bosheit, unversch\u00e4mte Demut. Der Jugendliche fragte: \u00bbSie w\u00fcnschen zu essen?\u00ab<\/p>\n<p style=\"margin: 0cm; margin-bottom: .0001pt; text-align: justify;\">Gersen sch\u00fcttelte seinen Kopf. \u00bbIch bin nicht von Ihrer Religion.\u00ab<\/p>\n<p style=\"margin: 0cm; margin-bottom: .0001pt; text-align: justify;\">\u00bbHa, ho!\u00ab sagte der Jugendliche. \u00bbDann kennen Sie Sandusk?\u00ab<\/p>\n<p style=\"margin: 0cm; margin-bottom: .0001pt; text-align: justify;\">\u00bbNur aus zweiter Hand.\u00ab<\/p>\n<p style=\"margin: 0cm; margin-bottom: .0001pt; text-align: justify;\">Der Jugendliche l\u00e4chelte. \u00bbSie m\u00fcssen die alte t\u00f6richte Geschichte, dass wir Sandusker religi\u00f6se Fanatiker sind, die es vorziehen widerliche Nahrung zu essen statt sich zu gei\u00dfeln, nicht glauben. Das ist v\u00f6llig falsch. Kommen Sie. Sind Sie ein gerechter Mann?\u00ab<\/p>\n<p style=\"margin: 0cm; margin-bottom: .0001pt; text-align: justify;\">Gersen \u00fcberlegte. \u00bbJa, das bin ich.\u00ab<\/p>\n<p style=\"margin: 0cm; margin-bottom: .0001pt; text-align: justify;\">Der Jugendliche ging zu einem der Zuber, tauchte einen Bausch glitzernder schwarz\u00fcberkrusteter Paste ein. \u00bbKosten Sie! Urteilen Sie selbst! Gebrauchen Sie Ihren Mund satt Ihrer Nase!\u00ab<\/p>\n<p style=\"margin: 0cm; margin-bottom: .0001pt; text-align: justify;\">Gersen zuckte fatalistisch mit den Schultern, kostete. Das Innere seines Mundes schien zun\u00e4chst zu kribbeln, dann sich auszudehnen. Seine Zunge rollte sich zu seiner Kehle zur\u00fcck auf.<\/p>\n<p style=\"margin: 0cm; margin-bottom: .0001pt; text-align: justify;\">\u00bbNun?\u00ab fragte der Jugendliche.<\/p>\n<p style=\"margin: 0cm; margin-bottom: .0001pt; text-align: justify;\">\u00bbWenn \u00fcberhaupt\u00ab, sagte Gersen schlie\u00dflich, \u00bbschmeckt es schlimmer als es riecht.\u00ab<\/p>\n<p style=\"margin: 0cm; margin-bottom: .0001pt; text-align: justify;\">Der Jugendliche seufzte. \u00bbSolches ist die allgemeine Meinung.\u00ab<\/p>\n<p>&nbsp;<\/p>\n","protected":false},"excerpt":{"rendered":"<p>The Killing Machine USA, 1964 \u00dcbersetzt von Andreas Irle 211 Seiten Edition Andreas Irle, 2001 ISBN\u00a0 3-9804569-8-6 Preis: \u20ac 50,-- &nbsp; 1 Die Kritiker diskutieren Baron Bodisseys Life: Ein monumentales Werk, wenn man Monumente mag ... Unweigerlich kommt einem die Laoco\u00f6n-Gruppe in den Sinn, mit dem guten Baron, der sich gegen die Windungen des gesunden Menschenverstandes richtet, und die ernsthafteren&nbsp;<a href=\"https:\/\/editionandreasirle.de\/?page_id=146\" class=\"read-more\">Weiter lesen<\/a><\/p>\n","protected":false},"author":2,"featured_media":0,"parent":369,"menu_order":0,"comment_status":"closed","ping_status":"closed","template":"","meta":{"footnotes":""},"class_list":["post-146","page","type-page","status-publish","hentry"],"_links":{"self":[{"href":"https:\/\/editionandreasirle.de\/index.php?rest_route=\/wp\/v2\/pages\/146","targetHints":{"allow":["GET"]}}],"collection":[{"href":"https:\/\/editionandreasirle.de\/index.php?rest_route=\/wp\/v2\/pages"}],"about":[{"href":"https:\/\/editionandreasirle.de\/index.php?rest_route=\/wp\/v2\/types\/page"}],"author":[{"embeddable":true,"href":"https:\/\/editionandreasirle.de\/index.php?rest_route=\/wp\/v2\/users\/2"}],"replies":[{"embeddable":true,"href":"https:\/\/editionandreasirle.de\/index.php?rest_route=%2Fwp%2Fv2%2Fcomments&post=146"}],"version-history":[{"count":6,"href":"https:\/\/editionandreasirle.de\/index.php?rest_route=\/wp\/v2\/pages\/146\/revisions"}],"predecessor-version":[{"id":504,"href":"https:\/\/editionandreasirle.de\/index.php?rest_route=\/wp\/v2\/pages\/146\/revisions\/504"}],"up":[{"embeddable":true,"href":"https:\/\/editionandreasirle.de\/index.php?rest_route=\/wp\/v2\/pages\/369"}],"wp:attachment":[{"href":"https:\/\/editionandreasirle.de\/index.php?rest_route=%2Fwp%2Fv2%2Fmedia&parent=146"}],"curies":[{"name":"wp","href":"https:\/\/api.w.org\/{rel}","templated":true}]}}