{"id":166,"date":"2017-07-08T12:28:06","date_gmt":"2017-07-08T10:28:06","guid":{"rendered":"http:\/\/editionandreasirle.com\/?page_id=166"},"modified":"2017-11-11T15:08:48","modified_gmt":"2017-11-11T14:08:48","slug":"t-wyst-alastor-1716","status":"publish","type":"page","link":"https:\/\/editionandreasirle.de\/?page_id=166","title":{"rendered":"Wyst: Alastor 1716"},"content":{"rendered":"<p><img loading=\"lazy\" decoding=\"async\" class=\"size-medium wp-image-120 aligncenter\" src=\"http:\/\/editionandreasirle.com\/wp-content\/uploads\/2017\/05\/wyst-190x300.jpg\" alt=\"\" width=\"190\" height=\"300\" srcset=\"https:\/\/editionandreasirle.de\/wp-content\/uploads\/2017\/05\/wyst-190x300.jpg 190w, https:\/\/editionandreasirle.de\/wp-content\/uploads\/2017\/05\/wyst-768x1213.jpg 768w, https:\/\/editionandreasirle.de\/wp-content\/uploads\/2017\/05\/wyst-648x1024.jpg 648w, https:\/\/editionandreasirle.de\/wp-content\/uploads\/2017\/05\/wyst.jpg 974w\" sizes=\"auto, (max-width: 190px) 100vw, 190px\" \/><\/p>\n<p style=\"text-align: center;\">Wyst: Alastor 1716<\/p>\n<p style=\"text-align: center;\">Jack Vance, 1978<\/p>\n<p style=\"text-align: center;\">\u00dcbersetzt von Andreas Irle<\/p>\n<p style=\"text-align: center;\">288 Seiten<\/p>\n<p style=\"text-align: center;\">Edition Andreas Irle, 2008<\/p>\n<p style=\"text-align: center;\">ISBN-13 978-3-936922-08-0<\/p>\n<p style=\"text-align: center;\">\u00a0Preis: \u20ac 65,--<\/p>\n<p style=\"text-align: center;\">Von Jack Vance signierte Ausgabe!<\/p>\n<p>&nbsp;<\/p>\n<p>Jantiff Ravensroke, ein junger K\u00fcnstler von Zeck: Alastor 503, gewinnt bei einem Kunstwettbewerb einen Preis \u2013 eine freie Passage zu einem Ziel seiner Wahl. Er entschlie\u00dft sich nach Wyst: Alstor 1716 zu reisen, denn Wysts Sonne, Dwan, l\u00e4sst die Farben so erscheinen wie sie wirklich sind \u2013 was kann sich ein K\u00fcnstler mehr w\u00fcnschen? Das Gesellschaftssystem Wysts ist egalitaristisch, was diese Welt zu einem beliebten Einwanderungsziel macht; dies wiederum f\u00fchrt zu gro\u00dfen wirtschaftlichen Problemen.<\/p>\n<p>So befindet sich die Welt im Umbruch, und die politische F\u00fchrungsspitze, die Wisperer, machen sich auf zum Lusz, dem Palast des Connat auf Numenes, um dort Hilfe zu erbitten.<\/p>\n<p>Als Jantiff in Arrabus, der Hauptstadt Wysts eintrifft, merkt er schnell, das das Ideal des Egalitarismus\u2019 nicht ohne T\u00fccken ist. Denn er muss mit Argusaugen auf das mitgebrachte Hab und Gut aufpassen, welches ansonsten schnell die H\u00e4nde wechselt, denn auch in der egalitaristischen Gesellschaft versucht jeder, so gut \u00fcber die Runden zu kommen wie nur m\u00f6glich. Doch dann kommt er einem gewaltigen Komplott auf die Schliche und muss sogar um sein Leben f\u00fcrchten \u2026<\/p>\n<p>&nbsp;<\/p>\n<p>&nbsp;<\/p>\n","protected":false},"excerpt":{"rendered":"<p>Wyst: Alastor 1716 Jack Vance, 1978 \u00dcbersetzt von Andreas Irle 288 Seiten Edition Andreas Irle, 2008 ISBN-13 978-3-936922-08-0 \u00a0Preis: \u20ac 65,-- Von Jack Vance signierte Ausgabe! &nbsp; Jantiff Ravensroke, ein junger K\u00fcnstler von Zeck: Alastor 503, gewinnt bei einem Kunstwettbewerb einen Preis \u2013 eine freie Passage zu einem Ziel seiner Wahl. Er entschlie\u00dft sich nach Wyst: Alstor 1716 zu reisen,&nbsp;<a href=\"https:\/\/editionandreasirle.de\/?page_id=166\" class=\"read-more\">Weiter lesen<\/a><\/p>\n","protected":false},"author":2,"featured_media":0,"parent":369,"menu_order":0,"comment_status":"closed","ping_status":"closed","template":"","meta":{"footnotes":""},"class_list":["post-166","page","type-page","status-publish","hentry"],"_links":{"self":[{"href":"https:\/\/editionandreasirle.de\/index.php?rest_route=\/wp\/v2\/pages\/166","targetHints":{"allow":["GET"]}}],"collection":[{"href":"https:\/\/editionandreasirle.de\/index.php?rest_route=\/wp\/v2\/pages"}],"about":[{"href":"https:\/\/editionandreasirle.de\/index.php?rest_route=\/wp\/v2\/types\/page"}],"author":[{"embeddable":true,"href":"https:\/\/editionandreasirle.de\/index.php?rest_route=\/wp\/v2\/users\/2"}],"replies":[{"embeddable":true,"href":"https:\/\/editionandreasirle.de\/index.php?rest_route=%2Fwp%2Fv2%2Fcomments&post=166"}],"version-history":[{"count":5,"href":"https:\/\/editionandreasirle.de\/index.php?rest_route=\/wp\/v2\/pages\/166\/revisions"}],"predecessor-version":[{"id":559,"href":"https:\/\/editionandreasirle.de\/index.php?rest_route=\/wp\/v2\/pages\/166\/revisions\/559"}],"up":[{"embeddable":true,"href":"https:\/\/editionandreasirle.de\/index.php?rest_route=\/wp\/v2\/pages\/369"}],"wp:attachment":[{"href":"https:\/\/editionandreasirle.de\/index.php?rest_route=%2Fwp%2Fv2%2Fmedia&parent=166"}],"curies":[{"name":"wp","href":"https:\/\/api.w.org\/{rel}","templated":true}]}}