{"id":170,"date":"2017-07-08T12:33:40","date_gmt":"2017-07-08T10:33:40","guid":{"rendered":"http:\/\/editionandreasirle.com\/?page_id=170"},"modified":"2020-08-30T16:53:27","modified_gmt":"2020-08-30T14:53:27","slug":"t-magnus-ridolph","status":"publish","type":"page","link":"https:\/\/editionandreasirle.de\/?page_id=170","title":{"rendered":"Magnus Ridolph"},"content":{"rendered":"<p><img loading=\"lazy\" decoding=\"async\" class=\"size-medium wp-image-102 aligncenter\" src=\"http:\/\/editionandreasirle.com\/wp-content\/uploads\/2017\/05\/magnusridolph-188x300.jpg\" alt=\"\" width=\"188\" height=\"300\" srcset=\"https:\/\/editionandreasirle.de\/wp-content\/uploads\/2017\/05\/magnusridolph-188x300.jpg 188w, https:\/\/editionandreasirle.de\/wp-content\/uploads\/2017\/05\/magnusridolph-768x1229.jpg 768w, https:\/\/editionandreasirle.de\/wp-content\/uploads\/2017\/05\/magnusridolph-640x1024.jpg 640w, https:\/\/editionandreasirle.de\/wp-content\/uploads\/2017\/05\/magnusridolph.jpg 957w\" sizes=\"auto, (max-width: 188px) 100vw, 188px\" \/><\/p>\n<p><center>The Complete Magnus Ridolph<br \/>\nJack Vance, 1985<br \/>\n\u00dcbersetzt von Andreas Irle<br \/>\n269 Seiten<br \/>\nEdition Andreas Irle, 2009<\/center><\/p>\n<div style=\"text-align: center;\" align=\"center\">ISBN-13 978-3-936922-09-7<\/div>\n<p><center>\u00a0Preis: \u20ac 65,--<\/center><\/p>\n<p style=\"margin: 0cm; margin-bottom: .0001pt; text-align: justify;\">Magnus Ridolph, ist ein Detektiv, der seine F\u00e4lle durch \u00dcberlegung l\u00f6st, nicht durch k\u00f6rperliche Anstrengungen. Er ist kein muskelbepackter Adonis, sondern ein gesetzter \u00e4lterer Herr, der das durch das L\u00f6sen der F\u00e4lle verdiente Geld gern genie\u00dferisch anlegt.<\/p>\n<p style=\"margin: 0cm; margin-bottom: .0001pt; text-align: justify;\">Neben den bereits in Deutsch erschienenen Geschichten<\/p>\n<p style=\"margin: 0cm; margin-bottom: .0001pt; text-align: justify;\">Die Kokod-Krieger<\/p>\n<p style=\"margin: 0cm; margin-bottom: .0001pt; text-align: justify;\">Der uns\u00e4gliche McInch<\/p>\n<p style=\"margin: 0cm; margin-bottom: .0001pt; text-align: justify;\">Die heulenden Schlinger<\/p>\n<p style=\"margin: 0cm; margin-bottom: .0001pt; text-align: justify;\">Der K\u00f6nig der Diebe<\/p>\n<p style=\"margin: 0cm; margin-bottom: .0001pt; text-align: justify;\">Der Kurort zwischen den Sternen<\/p>\n<p style=\"margin: 0cm; margin-bottom: .0001pt; text-align: justify;\">Der Gnadensto\u00df<\/p>\n<p style=\"margin: 0cm; margin-bottom: .0001pt; text-align: justify;\">Die manipulierten Sardinen<\/p>\n<p style=\"margin: 0cm; margin-bottom: .0001pt; text-align: justify;\">Das mysteri\u00f6se Verschwinden<\/p>\n<p style=\"margin: 0cm; margin-bottom: .0001pt; text-align: justify;\">finden sich die die beiden erstmals auf Deutsch ver\u00f6ffentlichten Geschichten:<\/p>\n<p style=\"margin: 0cm; margin-bottom: .0001pt; text-align: justify;\">Die Ungl\u00fccks-Bergwerke<\/p>\n<p style=\"margin: 0cm; margin-bottom: .0001pt; text-align: justify;\">Die Sanatoris-Abk\u00fcrzung<\/p>\n","protected":false},"excerpt":{"rendered":"<p>The Complete Magnus Ridolph Jack Vance, 1985 \u00dcbersetzt von Andreas Irle 269 Seiten Edition Andreas Irle, 2009 ISBN-13 978-3-936922-09-7 \u00a0Preis: \u20ac 65,-- Magnus Ridolph, ist ein Detektiv, der seine F\u00e4lle durch \u00dcberlegung l\u00f6st, nicht durch k\u00f6rperliche Anstrengungen. Er ist kein muskelbepackter Adonis, sondern ein gesetzter \u00e4lterer Herr, der das durch das L\u00f6sen der F\u00e4lle verdiente Geld gern genie\u00dferisch anlegt. Neben&nbsp;<a href=\"https:\/\/editionandreasirle.de\/?page_id=170\" class=\"read-more\">Weiter lesen<\/a><\/p>\n","protected":false},"author":2,"featured_media":0,"parent":369,"menu_order":0,"comment_status":"closed","ping_status":"closed","template":"","meta":{"footnotes":""},"class_list":["post-170","page","type-page","status-publish","hentry"],"_links":{"self":[{"href":"https:\/\/editionandreasirle.de\/index.php?rest_route=\/wp\/v2\/pages\/170","targetHints":{"allow":["GET"]}}],"collection":[{"href":"https:\/\/editionandreasirle.de\/index.php?rest_route=\/wp\/v2\/pages"}],"about":[{"href":"https:\/\/editionandreasirle.de\/index.php?rest_route=\/wp\/v2\/types\/page"}],"author":[{"embeddable":true,"href":"https:\/\/editionandreasirle.de\/index.php?rest_route=\/wp\/v2\/users\/2"}],"replies":[{"embeddable":true,"href":"https:\/\/editionandreasirle.de\/index.php?rest_route=%2Fwp%2Fv2%2Fcomments&post=170"}],"version-history":[{"count":8,"href":"https:\/\/editionandreasirle.de\/index.php?rest_route=\/wp\/v2\/pages\/170\/revisions"}],"predecessor-version":[{"id":807,"href":"https:\/\/editionandreasirle.de\/index.php?rest_route=\/wp\/v2\/pages\/170\/revisions\/807"}],"up":[{"embeddable":true,"href":"https:\/\/editionandreasirle.de\/index.php?rest_route=\/wp\/v2\/pages\/369"}],"wp:attachment":[{"href":"https:\/\/editionandreasirle.de\/index.php?rest_route=%2Fwp%2Fv2%2Fmedia&parent=170"}],"curies":[{"name":"wp","href":"https:\/\/api.w.org\/{rel}","templated":true}]}}