{"id":182,"date":"2017-07-08T12:32:10","date_gmt":"2017-07-08T10:32:10","guid":{"rendered":"http:\/\/editionandreasirle.com\/?page_id=182"},"modified":"2017-11-11T13:44:41","modified_gmt":"2017-11-11T12:44:41","slug":"t-dirdir-die","status":"publish","type":"page","link":"https:\/\/editionandreasirle.de\/?page_id=182","title":{"rendered":"Die Dirdir"},"content":{"rendered":"<p><img loading=\"lazy\" decoding=\"async\" class=\"size-medium wp-image-92 aligncenter\" src=\"http:\/\/editionandreasirle.com\/wp-content\/uploads\/2017\/05\/dirdir-186x300.jpg\" alt=\"\" width=\"186\" height=\"300\" srcset=\"https:\/\/editionandreasirle.de\/wp-content\/uploads\/2017\/05\/dirdir-186x300.jpg 186w, https:\/\/editionandreasirle.de\/wp-content\/uploads\/2017\/05\/dirdir-768x1239.jpg 768w, https:\/\/editionandreasirle.de\/wp-content\/uploads\/2017\/05\/dirdir-635x1024.jpg 635w, https:\/\/editionandreasirle.de\/wp-content\/uploads\/2017\/05\/dirdir.jpg 1450w\" sizes=\"auto, (max-width: 186px) 100vw, 186px\" \/><\/p>\n<p><center>The Dirdir<br \/>\nJack Vance, 1969<br \/>\n\u00dcbersetzt von Andreas Irle<br \/>\n178 Seiten, eineKarte<br \/>\nEdition Andreas Irle, 2013<\/center><\/p>\n<div align=\"center\">ISBN-13 978-3-936922-18-9<\/div>\n<p><center>\u00a0Preis: \u20ac 50,--<\/center><\/p>\n<p style=\"text-align: left;\">Noch immer sitzt Adam Reith auf Tschai fest. Nun tut sich ihm eine Geldquelle auf: die Carabas \u2013 das Jagdrevier der Dirdir. Schatzr\u00e4uber und Gl\u00fccksritter versuchen, mit einem Ausflug in die Carabas in kurzer Zeit reich zu werden. Doch die Dirdir fr\u00f6nen dort dem Sport und leben ihren Jagdtrieb nach Herzenslust aus. Deshalb ist es so gef\u00e4hrlich, dort nach Sch\u00e4tzen zu sch\u00fcrfen. Doch das schreckt unsere drei Freunde \u2013 Adam Reith, Traz Onmale und den Dirdirmann Ankhe at afram Anacho \u2013 nicht ab. In Aila Woudiver finden sie au\u00dferdem einen zuverl\u00e4ssigen Gesch\u00e4ftspartner, der sie v\u00f6llig uneigenn\u00fctzig in ihren Bestrebungen unterst\u00fctzt.<br \/>\nAls Dirdirmmensch kennt Ankhe at afram Anacho sich nat\u00fcrlich bestens mit der Psyche seinesgleichen aus und gew\u00e4hrt wertvolle Einblicke. Die Dirdir jedoch sind J\u00e4ger, die ihre Beute nicht in Ruhe lassen, bis sie sie gestellt haben. Doch nicht nur die Dirdir haben ein Auge auf die Freunde geworfen ...<\/p>\n<p style=\"text-align: left;\">Dies ist der dritte Band der vierb\u00e4ndigen Tschai-Reihe, die in neuer, vollst\u00e4ndiger \u00dcbersetzung aufgelegt wird \u2013 erstmals mit einer Karte.<\/p>\n<p>&nbsp;<\/p>\n","protected":false},"excerpt":{"rendered":"<p>The Dirdir Jack Vance, 1969 \u00dcbersetzt von Andreas Irle 178 Seiten, eineKarte Edition Andreas Irle, 2013 ISBN-13 978-3-936922-18-9 \u00a0Preis: \u20ac 50,-- Noch immer sitzt Adam Reith auf Tschai fest. Nun tut sich ihm eine Geldquelle auf: die Carabas \u2013 das Jagdrevier der Dirdir. Schatzr\u00e4uber und Gl\u00fccksritter versuchen, mit einem Ausflug in die Carabas in kurzer Zeit reich zu werden. Doch&nbsp;<a href=\"https:\/\/editionandreasirle.de\/?page_id=182\" class=\"read-more\">Weiter lesen<\/a><\/p>\n","protected":false},"author":2,"featured_media":0,"parent":369,"menu_order":0,"comment_status":"closed","ping_status":"closed","template":"","meta":{"footnotes":""},"class_list":["post-182","page","type-page","status-publish","hentry"],"_links":{"self":[{"href":"https:\/\/editionandreasirle.de\/index.php?rest_route=\/wp\/v2\/pages\/182","targetHints":{"allow":["GET"]}}],"collection":[{"href":"https:\/\/editionandreasirle.de\/index.php?rest_route=\/wp\/v2\/pages"}],"about":[{"href":"https:\/\/editionandreasirle.de\/index.php?rest_route=\/wp\/v2\/types\/page"}],"author":[{"embeddable":true,"href":"https:\/\/editionandreasirle.de\/index.php?rest_route=\/wp\/v2\/users\/2"}],"replies":[{"embeddable":true,"href":"https:\/\/editionandreasirle.de\/index.php?rest_route=%2Fwp%2Fv2%2Fcomments&post=182"}],"version-history":[{"count":6,"href":"https:\/\/editionandreasirle.de\/index.php?rest_route=\/wp\/v2\/pages\/182\/revisions"}],"predecessor-version":[{"id":675,"href":"https:\/\/editionandreasirle.de\/index.php?rest_route=\/wp\/v2\/pages\/182\/revisions\/675"}],"up":[{"embeddable":true,"href":"https:\/\/editionandreasirle.de\/index.php?rest_route=\/wp\/v2\/pages\/369"}],"wp:attachment":[{"href":"https:\/\/editionandreasirle.de\/index.php?rest_route=%2Fwp%2Fv2%2Fmedia&parent=182"}],"curies":[{"name":"wp","href":"https:\/\/api.w.org\/{rel}","templated":true}]}}