{"id":199,"date":"2017-07-08T12:30:55","date_gmt":"2017-07-08T10:30:55","guid":{"rendered":"http:\/\/editionandreasirle.com\/?page_id=199"},"modified":"2017-11-11T13:37:53","modified_gmt":"2017-11-11T12:37:53","slug":"t-asutra-die","status":"publish","type":"page","link":"https:\/\/editionandreasirle.de\/?page_id=199","title":{"rendered":"Die Asutra"},"content":{"rendered":"<p><img loading=\"lazy\" decoding=\"async\" class=\"size-medium wp-image-86 aligncenter\" src=\"http:\/\/editionandreasirle.com\/wp-content\/uploads\/2017\/05\/asutra-190x300.jpg\" alt=\"\" width=\"190\" height=\"300\" srcset=\"https:\/\/editionandreasirle.de\/wp-content\/uploads\/2017\/05\/asutra-190x300.jpg 190w, https:\/\/editionandreasirle.de\/wp-content\/uploads\/2017\/05\/asutra.jpg 650w\" sizes=\"auto, (max-width: 190px) 100vw, 190px\" \/><\/p>\n<p><center>The Asutra<br \/>\nJack Vance, 1973<br \/>\n\u00dcbersetzt von Andreas Irle<br \/>\n188 Seiten, zwei Karten<br \/>\nEdition Andreas Irle, 2015<\/center><\/p>\n<div style=\"text-align: center;\" align=\"center\">ISBN-13 978-3-936922-26-4<\/div>\n<p><center>\u00a0Preis: \u20ac 50,--<\/center><center><\/center><center><\/center><center><\/center>&nbsp;<\/p>\n<p>Etzwane trank nachdenklich von seinem Bier. Ifness sah ihm steinern von der Seite her zu. Etzwane fragte: \u00bbStudieren Sie immer noch die Asutra?\u00ab<\/p>\n<p>\u00bbDas tue ich.\u00ab<\/p>\n<p>\u00bbGlauben Sie, dass sie mit Shant fertig sind?\u00ab<\/p>\n<p>\u00bbIch glaube gar nichts.\u00ab Ifness sprach mit seiner didaktischen, eint\u00f6nigen Stimme. \u00bbDie Asutra haben eine biologische Waffe an den Menschen von Shant erprobt. Die Waffe \u2013 das hei\u00dft die Roguskhoi \u2013 hat versagt, weil die Ausf\u00fchrung unausgereift war, hat aber zweifellos ihren Zweck erf\u00fcllt. Die Asutra sind jetzt besser informiert. Sie besitzen immer noch zahlreiche M\u00f6glichkeiten. Sie k\u00f6nnen ihre Experimente fortf\u00fchren, indem sie andere Waffen verwenden. Auf der anderen Seite k\u00f6nnten sie sich dazu entschlie\u00dfen, die menschliche Existenz auf Durdane vollst\u00e4ndig auszul\u00f6schen.\u00ab<\/p>\n<p>Der Kampf um Durdane geht in die letzte Runde. Um seine Heimat zu verteidigen, muss Gastel Etzwane sie verlassen. Was f\u00fchren die geheimnisvollen Asutra im Schilde? Welche Interessen verfolgt Ifness? Werden Etzwanes ehrgeizige Pl\u00e4ne aufgehen?<\/p>\n<p>&nbsp;<\/p>\n","protected":false},"excerpt":{"rendered":"<p>The Asutra Jack Vance, 1973 \u00dcbersetzt von Andreas Irle 188 Seiten, zwei Karten Edition Andreas Irle, 2015 ISBN-13 978-3-936922-26-4 \u00a0Preis: \u20ac 50,--&nbsp; Etzwane trank nachdenklich von seinem Bier. Ifness sah ihm steinern von der Seite her zu. Etzwane fragte: \u00bbStudieren Sie immer noch die Asutra?\u00ab \u00bbDas tue ich.\u00ab \u00bbGlauben Sie, dass sie mit Shant fertig sind?\u00ab \u00bbIch glaube gar nichts.\u00ab&nbsp;<a href=\"https:\/\/editionandreasirle.de\/?page_id=199\" class=\"read-more\">Weiter lesen<\/a><\/p>\n","protected":false},"author":2,"featured_media":0,"parent":369,"menu_order":0,"comment_status":"closed","ping_status":"closed","template":"","meta":{"footnotes":""},"class_list":["post-199","page","type-page","status-publish","hentry"],"_links":{"self":[{"href":"https:\/\/editionandreasirle.de\/index.php?rest_route=\/wp\/v2\/pages\/199","targetHints":{"allow":["GET"]}}],"collection":[{"href":"https:\/\/editionandreasirle.de\/index.php?rest_route=\/wp\/v2\/pages"}],"about":[{"href":"https:\/\/editionandreasirle.de\/index.php?rest_route=\/wp\/v2\/types\/page"}],"author":[{"embeddable":true,"href":"https:\/\/editionandreasirle.de\/index.php?rest_route=\/wp\/v2\/users\/2"}],"replies":[{"embeddable":true,"href":"https:\/\/editionandreasirle.de\/index.php?rest_route=%2Fwp%2Fv2%2Fcomments&post=199"}],"version-history":[{"count":7,"href":"https:\/\/editionandreasirle.de\/index.php?rest_route=\/wp\/v2\/pages\/199\/revisions"}],"predecessor-version":[{"id":496,"href":"https:\/\/editionandreasirle.de\/index.php?rest_route=\/wp\/v2\/pages\/199\/revisions\/496"}],"up":[{"embeddable":true,"href":"https:\/\/editionandreasirle.de\/index.php?rest_route=\/wp\/v2\/pages\/369"}],"wp:attachment":[{"href":"https:\/\/editionandreasirle.de\/index.php?rest_route=%2Fwp%2Fv2%2Fmedia&parent=199"}],"curies":[{"name":"wp","href":"https:\/\/api.w.org\/{rel}","templated":true}]}}