{"id":241,"date":"2017-07-08T12:28:55","date_gmt":"2017-07-08T10:28:55","guid":{"rendered":"http:\/\/editionandreasirle.com\/?page_id=241"},"modified":"2017-11-11T13:21:26","modified_gmt":"2017-11-11T12:21:26","slug":"nancy-kress","status":"publish","type":"page","link":"https:\/\/editionandreasirle.de\/?page_id=241","title":{"rendered":"Nancy Kress"},"content":{"rendered":"<p>Auf Nancy Kress wurde ich aufmerksam, als mir ihr Roman <em>Fremdes Licht <\/em>in die H\u00e4nde fiel \u2013 ein klasse Buch. Seitdem habe ich so ziemlich alles gelesen, was sie geschrieben hat. Unter anderem auch die hervorragenden Biothriller um Robert Cavanaugh: <em>Verico Target<\/em> und <em>Moskito<\/em>. Leider erscheinen ihre B\u00fccher in Deutschland nicht mehr. Als 2008 ein neuer Biothriller von ihr erschien \u2013 <em>Dogs<\/em> \u2013 habe ich mich darum bem\u00fcht, ihn in Deutschland ver\u00f6ffentlichen zu k\u00f6nnen. Das ist mir 2012 mit <a href=\"http:\/\/editionandreasirle.com\/?page_id=223&amp;preview=true\"><em>Hundewahn <\/em><\/a>gelungen! Lesenswert sind aber auch ihre neuren Werke wie\u00a0<em>Steal Across the Sky<\/em> (2009)<em>,<\/em> <em>After the Fall, Before the Fall, During the Fall <\/em>(2012),\u00a0 oder zuletzt <em>Yesterday's Kin <\/em>(2014). Letzteres ist ein Kurzroman, den sie demn\u00e4chst als Romantrilogie ver\u00f6ffentlichen wird. Teil 1 \u2013 <em>Tomorrow's Kin<\/em> \u2013 erscheint im Juli 2017. Dem Vernehmen nach sind alle drei B\u00e4nde bereits geschrieben.<\/p>\n<p>2007 habe ich Nancy Kress auf dem Dortcon getroffen. Sie war so nett und hat einige meiner B\u00fccher signiert. Eine nette Frau, deren B\u00fccher neben guten Charakteren auch auf dem neuesten Stand der Forschung sind ...<\/p>\n<p><a href=\"http:\/\/nancykress.com\/\">Hompeage von Nancy Kress<\/a><\/p>\n<p><a href=\"https:\/\/de.wikipedia.org\/wiki\/Nancy_Kress\">Wikipedia-Eintrag Nancy Kress<\/a><\/p>\n<p>&nbsp;<\/p>\n<p><a href=\"http:\/\/http:\/\/editionandreasirle.com\/?page_id=223\"><img loading=\"lazy\" decoding=\"async\" class=\"aligncenter wp-image-216 size-medium\" src=\"http:\/\/editionandreasirle.com\/wp-content\/uploads\/2017\/05\/hundewahn-192x300.jpg\" alt=\"\" width=\"192\" height=\"300\" srcset=\"https:\/\/editionandreasirle.de\/wp-content\/uploads\/2017\/05\/hundewahn-192x300.jpg 192w, https:\/\/editionandreasirle.de\/wp-content\/uploads\/2017\/05\/hundewahn.jpg 245w\" sizes=\"auto, (max-width: 192px) 100vw, 192px\" \/><\/a><\/p>\n<p>&nbsp;<\/p>\n<p><img loading=\"lazy\" decoding=\"async\" class=\"size-medium wp-image-274 aligncenter\" src=\"http:\/\/editionandreasirle.com\/wp-content\/uploads\/2017\/05\/Fremdes-Licht-185x300.jpg\" alt=\"\" width=\"185\" height=\"300\" srcset=\"https:\/\/editionandreasirle.de\/wp-content\/uploads\/2017\/05\/Fremdes-Licht-185x300.jpg 185w, https:\/\/editionandreasirle.de\/wp-content\/uploads\/2017\/05\/Fremdes-Licht.jpg 630w\" sizes=\"auto, (max-width: 185px) 100vw, 185px\" \/><\/p>\n<p>&nbsp;<\/p>\n","protected":false},"excerpt":{"rendered":"<p>Auf Nancy Kress wurde ich aufmerksam, als mir ihr Roman Fremdes Licht in die H\u00e4nde fiel \u2013 ein klasse Buch. Seitdem habe ich so ziemlich alles gelesen, was sie geschrieben hat. Unter anderem auch die hervorragenden Biothriller um Robert Cavanaugh: Verico Target und Moskito. Leider erscheinen ihre B\u00fccher in Deutschland nicht mehr. Als 2008 ein neuer Biothriller von ihr erschien&nbsp;<a href=\"https:\/\/editionandreasirle.de\/?page_id=241\" class=\"read-more\">Weiter lesen<\/a><\/p>\n","protected":false},"author":2,"featured_media":0,"parent":0,"menu_order":0,"comment_status":"closed","ping_status":"closed","template":"","meta":{"footnotes":""},"class_list":["post-241","page","type-page","status-publish","hentry"],"_links":{"self":[{"href":"https:\/\/editionandreasirle.de\/index.php?rest_route=\/wp\/v2\/pages\/241","targetHints":{"allow":["GET"]}}],"collection":[{"href":"https:\/\/editionandreasirle.de\/index.php?rest_route=\/wp\/v2\/pages"}],"about":[{"href":"https:\/\/editionandreasirle.de\/index.php?rest_route=\/wp\/v2\/types\/page"}],"author":[{"embeddable":true,"href":"https:\/\/editionandreasirle.de\/index.php?rest_route=\/wp\/v2\/users\/2"}],"replies":[{"embeddable":true,"href":"https:\/\/editionandreasirle.de\/index.php?rest_route=%2Fwp%2Fv2%2Fcomments&post=241"}],"version-history":[{"count":7,"href":"https:\/\/editionandreasirle.de\/index.php?rest_route=\/wp\/v2\/pages\/241\/revisions"}],"predecessor-version":[{"id":566,"href":"https:\/\/editionandreasirle.de\/index.php?rest_route=\/wp\/v2\/pages\/241\/revisions\/566"}],"wp:attachment":[{"href":"https:\/\/editionandreasirle.de\/index.php?rest_route=%2Fwp%2Fv2%2Fmedia&parent=241"}],"curies":[{"name":"wp","href":"https:\/\/api.w.org\/{rel}","templated":true}]}}