{"id":64,"date":"2017-07-08T12:25:40","date_gmt":"2017-07-08T10:25:40","guid":{"rendered":"http:\/\/editionandreasirle.com\/?page_id=64"},"modified":"2017-11-11T13:07:57","modified_gmt":"2017-11-11T12:07:57","slug":"bibliografien-chronologische-bibliografie-der-originalausgaben","status":"publish","type":"page","link":"https:\/\/editionandreasirle.de\/?page_id=64","title":{"rendered":"Bibliografien \u2013 Chronologische Bibliografie der Originalausgaben"},"content":{"rendered":"<p>Chronologische Bibliografie der Originalausgaben<\/p>\n<p>&nbsp;<\/p>\n<p>Verzeichnet sind die Originalausgaben mit dem jeweiligen Titel der Vance-Integral-Version (VIE), geordnet nach Jahr und Monat Ver\u00f6ffentlichung: 01-12 vor den Titeln gibt den Erscheinungsmonat innerhalb des Jahres an; \u00bb??\u00ab kennzeichnet, dass der Monat der Ver\u00f6ffentlichung unbekannt ist. Publikationen, Ausgabennummern, Verlagsort, Verlag sowie ggf. Titel der Originalver\u00f6ffentlichung, Serienzugeh\u00f6rigkeit und besondere Hinweise finden sich im Anschluss daran. Sofern eigenst\u00e4ndige \u2013 als eigene Ausgabe ver\u00f6ffentlichte \u2013 und nicht eigenst\u00e4ndige \u2013 zusammen mit anderen Texten in einer Ausgabe ver\u00f6ffentlichte \u2013 Publikationen vollst\u00e4ndig in ein Jahr fallen, wird nur die eigenst\u00e4ndige aufgef\u00fchrt.<\/p>\n<p>M\u00f6gliche weitere Titelvarianten sind in der alphabetischen Liste zu finden.<\/p>\n<p>&nbsp;<\/p>\n<p><strong>1945<\/strong><\/p>\n<p>08 <strong>The World-Thinker<\/strong><\/p>\n<p>in Thrilling Wonder Stories 27:2<\/p>\n<p>&nbsp;<\/p>\n<p><strong>1946<\/strong><\/p>\n<p>??\u00a0 <strong>Planet of the Black Dust<\/strong><\/p>\n<p>in Startling Stories 14:1<\/p>\n<p>12 <strong>Phalid\u2019s Fate<\/strong><\/p>\n<p>in Thrilling Wonder Stories 29:2<\/p>\n<p><strong>\u00a0<\/strong><\/p>\n<p><strong>1947<\/strong><\/p>\n<p>07 <strong>I\u2019ll Build Your Dream Castle<\/strong><\/p>\n<p>in Astounding Science Fiction 40:1<\/p>\n<p><strong>\u00a0<\/strong><\/p>\n<p><strong>1948<\/strong><\/p>\n<p>07 <strong>Hard-Luck Diggins<\/strong><\/p>\n<p>in Startling Stories 17:3, Magnus Ridolph<\/p>\n<p>09 <strong>Sanatoris Short-Cut<\/strong><\/p>\n<p>in Startling Stories 18:1, Magnus Ridolph<\/p>\n<p>11 <strong>The Unspeakable McInch<\/strong><\/p>\n<p>in Startling Stories 18:2, Magnus Ridolph<\/p>\n<p><strong>\u00a0<\/strong><\/p>\n<p><strong>1949<\/strong><\/p>\n<p>01 <strong>The Sub-Standard Sardines<\/strong><\/p>\n<p>in Startling Stories 18:3, Magnus Ridolph<\/p>\n<p>03 <strong>The Howling Bounders<\/strong><\/p>\n<p>in Startling Stories 19:1, Magnus Ridolph<\/p>\n<p>11 <strong>The King of Thieves<\/strong><\/p>\n<p>in Startling Stories 20:2, Magnus Ridolph<\/p>\n<p><strong>\u00a0<\/strong><\/p>\n<p><strong>1950<\/strong><\/p>\n<p>05 <strong>The Potters of Firsk<\/strong><\/p>\n<p>in Astounding Science Fiction 45:3<\/p>\n<p>07 <strong>The Spa of the Stars<\/strong><\/p>\n<p>in Startling Stories 21:3, Magnus Ridolph<\/p>\n<p>08 <strong>Chateau d\u2019If<\/strong><\/p>\n<p>in Thrilling Wonder Stories 36:3 als \u00bbNew Bodies for Old\u00ab<\/p>\n<p>09 <strong>To B or Not to C or to D<\/strong><\/p>\n<p>in Startling Stories 22:1, als \u00bbCosmic Hotfoot\u00ab, Magnus Ridolph<\/p>\n<p>09 <strong>Dead Ahead<\/strong><\/p>\n<p>in Super Science Stories 7:2, als \u00bbUltimate Quest\u00ab unter dem Namen John Holbrook<\/p>\n<p>11 <strong>The Rapparee<\/strong><\/p>\n<p>in Startling Stories 22:2, als \u00bbThe Five Gold Bands\u00ab, siehe auch 1953<\/p>\n<p>??\u00a0 <strong>Mazirian the Magician<\/strong><\/p>\n<p>New York: Hillman, als \u00bbThe Dying Earth\u00ab, beinhaltet die folgenden 6 Geschichten:<\/p>\n<p>??\u00a0 <strong>Mazirian the Magician<\/strong><\/p>\n<p>in New York: Hillman, Dying Earth<\/p>\n<p>??\u00a0 <strong>Turjan of Miir<\/strong><\/p>\n<p>in New York: Hillman, Dying Earth<\/p>\n<p>??\u00a0 <strong>T\u2019Sais<\/strong><\/p>\n<p>in New York: Hillman, Dying Earth<\/p>\n<p>??\u00a0 <strong>Liane the Wayfarer<\/strong><\/p>\n<p>in New York: Hillman, Dying Earth<\/p>\n<p>??\u00a0 <strong>Ulan Dhor Ends a Dream<\/strong><\/p>\n<p>in New York: Hillman, Dying Earth<\/p>\n<p>??\u00a0 <strong>Guyal of Spere<\/strong><\/p>\n<p>in New York: Hillman, Dying Earth<\/p>\n<p><strong>\u00a0<\/strong><\/p>\n<p><strong>1951<\/strong><\/p>\n<p>02 <strong>The New Prime<\/strong><\/p>\n<p>in Worlds Beyond 1:3, als \u00bbBrain of the Galaxy\u00ab<\/p>\n<p>02 <strong>Crusade to Maxus<\/strong><\/p>\n<p>in Thrilling Wonder Stories 37:3, als \u00bbOverlords of Maxus\u00ab<\/p>\n<p>03 <strong>The Ten Books<\/strong><\/p>\n<p>in Startling Stories 23:1, als \u00bbMen of the Ten Books\u00ab<\/p>\n<p>05 <strong>Golden Girl<\/strong><\/p>\n<p>in Marvel Science Stories 3:3<\/p>\n<p>06 <strong>Son of the Tree<\/strong><\/p>\n<p>in Thrilling Wonder Stories 38:2, siehe auch 1964<\/p>\n<p>07 <strong>The God and the Temple Robber<\/strong><\/p>\n<p>in Planet Stories 5:1, als \u00bbTemple of Han\u00ab<\/p>\n<p>09 <strong>The Masquerade on Dicantropus<\/strong><\/p>\n<p>Startling Stories 24:1<\/p>\n<p>10 <strong>The Uninhibited Robot<\/strong><\/p>\n<p>in Thrilling Wonder Stories 39:1, als \u00bbThe Plagian<br \/>\nSiphon\u00ab<\/p>\n<p>11 <strong>Dover Spargill\u2019s Ghastly Floater<\/strong><\/p>\n<p>in Marvel Science Fiction 3:5<\/p>\n<p>12 <strong>The Visitors<\/strong><\/p>\n<p>in Galaxy 3:3, als \u00bbWinner Lose All\u00ab<\/p>\n<p><strong>\u00a0<\/strong><\/p>\n<p><strong>1952<\/strong><\/p>\n<p>??\u00a0 <strong>Seven Exits from Bocz<\/strong><\/p>\n<p>in The Rhodomagnetic Digest no. 21<\/p>\n<p>01 <strong>Telek<\/strong><\/p>\n<p>in Astounding Science Fiction 48:5<\/p>\n<p>02 <strong>Abercrombie Station<\/strong><\/p>\n<p>in Thrilling Wonder Stories 34:3, Jean Parlier<\/p>\n<p>06 <strong>Sabotage on Sulfur Planet<\/strong><\/p>\n<p>in Startling Stories 26:2<\/p>\n<p>08 <strong>Cholwell\u2019s Chickens<\/strong><\/p>\n<p>in Thrilling Wonder Stories 40:3, Jean Parlier<\/p>\n<p>08 <strong>Noise<\/strong><\/p>\n<p>in Startling Stories 27:1<\/p>\n<p>09 <strong>Big Planet<\/strong><\/p>\n<p>in Startling Stories 27:2, Big Planet, siehe auch 1957<\/p>\n<p>10 <strong>The Kokod Warriors<\/strong><\/p>\n<p>Thrilling Wonder Stories 41:1, Magnus Ridolph<\/p>\n<p>12 <strong>Gold and Iron<\/strong><\/p>\n<p>in Space Stories 1:2, als \u00bbPlanet of the Damned\u00ab, siehe auch 1958<\/p>\n<p><strong>\u00a0<\/strong><\/p>\n<p><strong>1953<\/strong><\/p>\n<p>01 <strong>Three-Legged Joe<\/strong><\/p>\n<p>in Startling Stories 28:3<\/p>\n<p>??\u00a0 <strong>DP!<\/strong><\/p>\n<p>in Avon Science Fiction and Fantasy Reader, Volume 2, Hrsg.: Donald A. Wollheim, New York: Avon<\/p>\n<p>05 <strong>The World Between<\/strong><\/p>\n<p>in Future Science Fiction 4:1, als \u00bbEcological Onslaught\u00ab<\/p>\n<p>??\u00a0 <strong>The Mitr<\/strong><\/p>\n<p>in Vortex 1:1<\/p>\n<p>07 <strong>Four Hundred Blackbirds<\/strong><\/p>\n<p>in Future Science Fiction 4:2<\/p>\n<p>07 <strong>Sjambak<\/strong><\/p>\n<p>in Worlds of If 2:3<\/p>\n<p>11 <strong>Shape-Up<\/strong><\/p>\n<p>in Cosmos Science Fiction and Fantasy Magazine 1:2<\/p>\n<p>??\u00a0 <strong>The Rapparee<\/strong><\/p>\n<p>New York: A Toby Press Book, als \u00bbThe Space Pirate\u00ab, siehe auch 1950<\/p>\n<p>??\u00a0 <strong>Vandals of the Void<\/strong><\/p>\n<p>Philadelphia: Winston<\/p>\n<p><strong>\u00a0<\/strong><\/p>\n<p><strong>1954<\/strong><\/p>\n<p>??\u00a0 <strong>The Houses of Iszm<\/strong><\/p>\n<p>in Startling Stories 31:3, siehe auch 1964<\/p>\n<p>03 <strong>The Absent Minded Professor<\/strong><\/p>\n<p>in Malcolm\u2019s 1:2, als \u00bbFirst Star I See Tonight\u00ab, unter dem Pseudonym John Van See<\/p>\n<p>03 <strong>When the Five Moons Rise<\/strong><\/p>\n<p>in Cosmos Science Fiction 1:3<\/p>\n<p>12 <strong>The Enchanted Princess<\/strong><\/p>\n<p>in Orbit Science Fiction 1:5<\/p>\n<p><strong>\u00a0<\/strong><\/p>\n<p><strong>1955<\/strong><\/p>\n<p>??\u00a0 <strong>The Devil on Salvation Bluff<\/strong><\/p>\n<p>in Star Science Fiction Stories, No. 3, Hrsg.: Frederik Pohl, New York: Ballantine<\/p>\n<p>03 <strong>Meet Miss Universe<\/strong><\/p>\n<p>in Fantastic Universe 3:2<\/p>\n<p>09 <strong>The Gift of Gab<\/strong><\/p>\n<p>in Astounding Science Fiction 56:1<\/p>\n<p><strong>\u00a0<\/strong><\/p>\n<p><strong>1956<\/strong><\/p>\n<p>02 <strong>The Phantom Milkman<\/strong><\/p>\n<p>in Other Worlds Science Fiction no. 15<\/p>\n<p>06 <strong>Clarges<\/strong><\/p>\n<p>New York: Ballantine, als To Live Forever<\/p>\n<p>10 <strong>Where Hesperus Falls<\/strong><\/p>\n<p>in Fantastic Universe 6:3<\/p>\n<p><strong>\u00a0<\/strong><\/p>\n<p><strong>1957<\/strong><\/p>\n<p>05 <strong>Big Planet<\/strong><\/p>\n<p>New York: Avalon, Big Planet, siehe auch 1952<\/p>\n<p>07 <strong>The Men Return<\/strong><\/p>\n<p>in Infinity Science Fiction 2:4<\/p>\n<p>08 <strong>A Practical Man\u2019s Guide<\/strong><\/p>\n<p>in Space Science Fiction Magazine 1:2<\/p>\n<p>10 <strong>House Lords<\/strong><\/p>\n<p>in Saturn Science Fiction 1:4<\/p>\n<p>12 <strong>The Languages of Pao<\/strong><\/p>\n<p>in Satellite Science Fiction 2:2, siehe auch 1958<\/p>\n<p>??\u00a0 <strong>Bird Island<\/strong><\/p>\n<p>New York: Mystery House, als \u00bbIsle of Peril\u00ab unter dem Pseudonym Alan Wade<\/p>\n<p>??\u00a0 <strong>The Flesh Mask<\/strong><\/p>\n<p>New York: Mystery House, als \u00bbTake My Face\u00ab, unter dem Pseudonym Peter Held<\/p>\n<p><strong>\u00a0<\/strong><\/p>\n<p><strong>1958<\/strong><\/p>\n<p>02 <strong>Coup de Grace<\/strong><\/p>\n<p>in Super Science Fiction 2:2, Magnus Ridolph<\/p>\n<p>07 <strong>The Miracle Workers<\/strong><\/p>\n<p>in Astounding Science Fiction 61:5<\/p>\n<p>08 <strong>Parapsyche<\/strong><\/p>\n<p>in Amazing Stories 32:8<\/p>\n<p>11 <strong>The Languages of Pao<\/strong><\/p>\n<p>New York: Avalon, siehe auch 1957<\/p>\n<p>12 <strong>Ullward\u2019s Retreat<\/strong><\/p>\n<p>in Galaxy Magazine 17:2<\/p>\n<p>??\u00a0 <strong>Gold and Iron<\/strong><\/p>\n<p>New York: Ace, als \u00bbSlaves of the Klau\u00ab, siehe auch 1952<\/p>\n<p><strong>\u00a0<\/strong><\/p>\n<p><strong>1959<\/strong><\/p>\n<p>10 <strong>Dodkin\u2019s Job<\/strong><\/p>\n<p>in Astounding Science Fiction 64:2<\/p>\n<p><strong>\u00a0<\/strong><\/p>\n<p><strong>1960<\/strong><\/p>\n<p>03 <strong>The Man in the Cage<\/strong><\/p>\n<p>New York: Random House, unter dem Namen John Holbrook Vance<\/p>\n<p><strong>\u00a0<\/strong><\/p>\n<p><strong>1961<\/strong><\/p>\n<p>08 <strong>The Moon Moth<\/strong><\/p>\n<p>in Galaxy Magazine 19:6<\/p>\n<p>10 <strong>The Augmented Agent<\/strong><\/p>\n<p>in Amazing Stories 35:10, als \u00bbI-C-a-BeM\u00ab<\/p>\n<p><strong>\u00a0<\/strong><\/p>\n<p><strong>1962<\/strong><\/p>\n<p>08 <strong>The Dragon Masters<\/strong><\/p>\n<p>in Galaxy Magazine 20:6, <strong>siehe auch 1963<\/strong><\/p>\n<p>08 <strong>Sail 25<\/strong><\/p>\n<p>in Amazing Stories 36:8, als \u00bbGateway to Strangeness\u00ab<\/p>\n<p><strong>\u00a0<\/strong><\/p>\n<p><strong>1963<\/strong><\/p>\n<p>06 <strong>Green Magic<\/strong><\/p>\n<p>in The Magazine of Fantasy &amp; Science Fiction 24:6<\/p>\n<p>12 <strong>The Star King<\/strong> (u. 02, 1964)<\/p>\n<p>in Galaxy Magazine 22:2, 22:3, siehe auch 1964, Demon Princes<\/p>\n<p><strong>\u00a0<\/strong><\/p>\n<p><strong>1964<\/strong><\/p>\n<p>03 <strong>Strange She Hasn\u2019t Written<\/strong><\/p>\n<p>New York: Pocket Books, als \u00bbThe Four Johns\u00ab, unter dem Pseudonym Ellery Queen<\/p>\n<p>04 <strong>The Star King<\/strong><\/p>\n<p>New York: Berkley, siehe auch 1963, Demon Princes<\/p>\n<p>07 <strong>The Kragen<\/strong><\/p>\n<p>in Fantastic Stories 13:7, siehe \u00bbThe Blue World\u00ab 1966<\/p>\n<p>11 <strong>The Killing Machine<\/strong><\/p>\n<p>New York: Berkley, Demon Princes<\/p>\n<p><strong>\u00a0<\/strong><\/p>\n<p><strong>1965<\/strong><\/p>\n<p>02 <strong>Space Opera<\/strong><\/p>\n<p>New York: Pyramid Books<\/p>\n<p>05 <strong>Alfred\u2019s Ark<\/strong><\/p>\n<p>in New Worlds no. 150<\/p>\n<p>07 <strong>Death of a Solitary Chess Player<\/strong><\/p>\n<p>New York: Pocket Books, als \u00bbA Room To Die In\u00ab, unter dem Pseudonym Ellery Queen<\/p>\n<p>??\u00a0 <strong>Monsters in Orbit<\/strong><\/p>\n<p>New York: Ace, beinhaltet \u00bbAbercrombie Station\u00ab, siehe 1952, und \u00bbCholwell\u2019s Chickens\u00ab, siehe 1952<\/p>\n<p>12 <strong>The Overworld<\/strong><\/p>\n<p>in The Magazine of Fantasy &amp; Science Fiction 29:6, Dying Earth\/Cugel<\/p>\n<p><strong>\u00a0<\/strong><\/p>\n<p><strong>1966<\/strong><\/p>\n<p>02 <strong>The Mountains of Magnatz<\/strong><\/p>\n<p>in The Magazine of Fantasy &amp; Science Fiction 30:2, Dying Earth\/Cugel<\/p>\n<p>03 <strong>The Secret<\/strong><\/p>\n<p>in Impulse no. 1<\/p>\n<p>??\u00a0 <strong>Nopalgarth<\/strong><\/p>\n<p>New York: Ace, als \u00bbThe Brains of Earth\u00ab<\/p>\n<p>04 <strong>The Last Castle<\/strong><\/p>\n<p>in Galaxy Magazine 24:4<\/p>\n<p>04 <strong>The Sorcerer Pharesm<\/strong><\/p>\n<p>in The Magazine of Fantasy &amp; Science Fiction 30:4, Dying Earth\/Cugel<\/p>\n<p>05 <strong>The Blue World<\/strong><\/p>\n<p>New York: Ballantine, siehe auch \u00bbThe Kragen\u00ab 1964<\/p>\n<p>05 <strong>The Fox Valley Murders<\/strong><\/p>\n<p>Indianapolis: Bobbs-Merrill, unter dem Namen John Holbrook Vance, Joe Bain<\/p>\n<p>06 <strong>The Pilgrims<\/strong><\/p>\n<p>in The Magazine of Fantasy &amp; Science Fiction 30:6, Dying Earth\/Cugel<\/p>\n<p>07 <strong>The Cave in the Forest<\/strong><\/p>\n<p>in The Magazine of Fantasy &amp; Science Fiction 31:1, Dying Earth\/Cugel<\/p>\n<p>07 <strong>The Manse of Iucounu<\/strong><\/p>\n<p>in The Magazine of Fantasy &amp; Science Fiction 31:1, Dying Earth\/Cugel<\/p>\n<p>08 <strong>The Man Who Walks Behind<\/strong><\/p>\n<p>New York: Pocket Books, als \u00bbThe Madman Theory\u00ab, unter dem Pseudonym Ellery Queen<\/p>\n<p>10 <strong>The Palace of Love<\/strong> (12, 1966, 02, 1967)<\/p>\n<p>in Galaxy Magazine 25:1, 25:2 und 25:3, Demon Princes, siehe auch 1967<\/p>\n<p>??\u00a0 <strong>Cil<\/strong><\/p>\n<p>in The Eyes of the Overworld, New York: Ace, Dying Earth\/Cugel<\/p>\n<p>??\u00a0 <strong>Cugel the Clever<\/strong><\/p>\n<p>New York: Ace, als \u00bbThe Eyes of the Overworld\u00ab, Dying Earth\/Cugel, beinhaltet \u00bbThe Overworld\u00ab (1965), \u00bbCil\u00ab (1966), \u00abThe Mountains of Magnatz\u00ab (1966), \u00bbThe Sorcerer Pharesm\u00ab (1966), \u00bbThe Pilgrims\u00ab (1966), \u00bbThe Cave in the Forest\u00ab (1966) und \u00bbThe Manse of Iucounu\u00ab (1966)<\/p>\n<p><strong>\u00a0<\/strong><\/p>\n<p><strong>1967<\/strong><\/p>\n<p>07 <strong>The Narrow Land<\/strong><\/p>\n<p>in Fantastic Stories 16:6<\/p>\n<p>08 <strong>Milton Hack from Zodiac<\/strong><\/p>\n<p>in Amazing Stories 41:3<\/p>\n<p>??\u00a0 <strong>The Pleasant Grove Murders<\/strong><\/p>\n<p>Indianapolis: Bobbs-Merrill, unter dem Namen John Holbrook Vance, Joe Bain<\/p>\n<p>10 <strong>The Palace of Love<\/strong><\/p>\n<p>New York: Berkley, Demon Princes, siehe auch 1966<\/p>\n<p><strong>\u00a0<\/strong><\/p>\n<p><strong>1968<\/strong><\/p>\n<p>??\u00a0 <strong>Sulwen\u2019s Planet<\/strong><\/p>\n<p>in The Farthest Reaches, Hrsg.: Joseph Elder, New York: Trident Press<\/p>\n<p>??\u00a0 <strong>The Chasch<\/strong><\/p>\n<p>New York: Ace, als \u00bbCity of the Chasch\u00ab, Tschai<\/p>\n<p><strong>\u00a0<\/strong><\/p>\n<p><strong>1969<\/strong><\/p>\n<p>??\u00a0 <strong>The Deadly Isles<\/strong><\/p>\n<p>Indianapolis: Bobbs-Merrill, unter dem Namen John Holbrook Vance<\/p>\n<p>04 <strong>Emphyrio<\/strong><\/p>\n<p>Garden City, NY: Doubleday<\/p>\n<p>??\u00a0 <strong>The Wannek<\/strong><\/p>\n<p>New York: Ace, als \u00bbServants of the Wankh\u00ab, Tschai<\/p>\n<p>08 <strong>The Dirdir<\/strong><\/p>\n<p>New York: Ace, Tschai<\/p>\n<p><strong>\u00a0<\/strong><\/p>\n<p><strong>1970<\/strong><\/p>\n<p>02 <strong>The Pnume<\/strong><\/p>\n<p>New York: Ace, Tschai<\/p>\n<p><strong>\u00a0<\/strong><\/p>\n<p><strong>1971<\/strong><\/p>\n<p>02 <strong>The Anome<\/strong> (u. 03, 1971)<\/p>\n<p>in The Magazine of Fantasy &amp; Science Fiction 40:2, und 40:3als The Faceless Man, Durdane, siehe auch 1973<\/p>\n<p><strong>\u00a0<\/strong><\/p>\n<p><strong>1972<\/strong><\/p>\n<p>07 <strong>The Brave Free Men<\/strong> (u. 08, 1972)<\/p>\n<p>in The Magazine of Fantasy &amp; Science Fiction 43:1, und 43:2, Durdane, siehe auch 1973<\/p>\n<p><strong>\u00a0<\/strong><\/p>\n<p><strong>1973<\/strong><\/p>\n<p>03 <strong>The Anome<\/strong><\/p>\n<p>New York: Dell, Durdane, siehe auch 1971<\/p>\n<p>03 <strong>Morreion<\/strong><\/p>\n<p>in Flashing Swords! #1, Hrsg.: Lin Carter, Garden City, NY: Nelson Doubleday, Dying Earth<\/p>\n<p>??\u00a0 <strong>Rumfuddle<\/strong><\/p>\n<p>in Three Trips in Time and Space: Original Novellas of Science Fiction, New York: Hawthorn<\/p>\n<p>05 <strong>The Asutra<\/strong> (u. 06, 1973)<\/p>\n<p>in The Magazine of Fantasy &amp; Science Fiction 44:5 und 44:6, Durdane, siehe auch 1974<\/p>\n<p>06 <strong>Trullion: Alastor 2262<\/strong><\/p>\n<p>New York: Ballantine, Alastor<\/p>\n<p>08 <strong>The Brave Free Me<\/strong><\/p>\n<p>New York: Dell, Durdane, siehe auch 1972<\/p>\n<p>09 <strong>Bad Ronald<\/strong><\/p>\n<p>New York: Ballantine, unter dem Namen John Holbrook Vance<\/p>\n<p><strong>\u00a0<\/strong><\/p>\n<p><strong>1974<\/strong><\/p>\n<p>02 <strong>The Domains of Koryphon<\/strong><\/p>\n<p>in Amazing Stories 48:2 und 48:3, siehe auch 1975<\/p>\n<p>03 <strong>The Insufferable Red-headed Daugther of Commander Tynnott, O.T.E.<\/strong><\/p>\n<p>in Universe 4, Hrsg.: Terry Carr, New York: Random House, als \u00bbAssault on a City\u00ab<\/p>\n<p>05 <strong>The Asutra<\/strong><\/p>\n<p>New York: Dell, Durdane, siehe auch 1973<\/p>\n<p>10 <strong>The Seventeen Virgins<\/strong><\/p>\n<p>in The Magazine of Fantasy &amp; Science Fiction 47:4, Dying Earth\/Cugel<\/p>\n<p><strong>\u00a0<\/strong><\/p>\n<p><strong>1975<\/strong><\/p>\n<p><strong>02 <\/strong><strong>The Domains of Koryphon<\/strong><\/p>\n<p><strong>\u00a0\u00a0\u00a0\u00a0\u00a0\u00a0 <\/strong>Indianapolis: Bobbs-Merrill, als \u00bbThe Gray Prince\u00ab, siehe auch 1974<\/p>\n<p>03 <strong>The Magnificent Showboats of the Lower Vissel River, Lune XXIII, South, Big Planet<\/strong><\/p>\n<p>New York: Pyramid Books, als \u00bbShowboat World\u00ab, Big Planet<\/p>\n<p>09 <strong>Marune: Alastor 933<\/strong><\/p>\n<p>New York: Ballantine, Alastor<\/p>\n<p>11 <strong>The Dogtown Tourist Agency<\/strong><\/p>\n<p>in Epoch, Hrsg.: Roger Elwood und Robert Silverberg, New York: Berkley, Miro Hetzel<\/p>\n<p><strong>\u00a0<\/strong><\/p>\n<p><strong>1976<\/strong><\/p>\n<p>10 <strong>Maske: Thaery<\/strong><\/p>\n<p>New York: Berkley<\/p>\n<p><strong>\u00a0<\/strong><\/p>\n<p><strong>1977<\/strong><\/p>\n<p>05 <strong>The Bagful of Dreams<\/strong><\/p>\n<p>in Flashing Swords! #4: Barbarians and Black Magicians, Hrsg.: Lin Barter, Garden City, Ny: Nelson Doubleday, Dying Earth\/Cugel<\/p>\n<p>12 <strong>Freitzke\u2019s Turn<\/strong><\/p>\n<p>in Triax: Thress Original Novellas, Hrsg.: Robert Silverberg, Los Angeles: Pinnacle Books, Miro Hetzel<\/p>\n<p><strong>\u00a0<\/strong><\/p>\n<p><strong>1978<\/strong><\/p>\n<p>11 <strong>Wyst: Alastor 1716<\/strong><\/p>\n<p>New York: DAW, Alastor<\/p>\n<p><strong>\u00a0<\/strong><\/p>\n<p><strong>1979:<\/strong><\/p>\n<p>02 <strong>The House on Lily Street<\/strong><\/p>\n<p>San Francisco, CA, Columbia, PA: Underwood-Miller, unter dem Namen John Holbrook Vance<\/p>\n<p>02 <strong>The View from Chickweed\u2019s Window<\/strong><\/p>\n<p>San Francisco, CA, Columbia, PA: Underwood-Miller, unter dem Namen John Holbrook Vance<\/p>\n<p>11 <strong>The Face<\/strong><\/p>\n<p>New York: DAW, Erstausgabe unter dem Titel \u00bbLens Larque\u00ab in den Niederlanden, 10\/1979, die U.-S.-Amerikanische Ausgabe folgte einen Monat sp\u00e4ter, Demon Princes<\/p>\n<p>&nbsp;<\/p>\n<p>1980<\/p>\n<p>08 <strong>Galactic Effectuator<\/strong><\/p>\n<p>San Francisco, CA, Columbia, PA: Underwood-Miller, Miro Hetzel, beinhaltet \u00bbThe Dogtown Tourist Agency\u00ab, siehe 1975, und \u00bbFreitzke\u2019s Turn\u00ab, siehe 1952<\/p>\n<p><strong>\u00a0<\/strong><\/p>\n<p><strong>1981<\/strong><\/p>\n<p>01 <strong>The Book of Dreams<\/strong><\/p>\n<p>New York: DAW, Demon Princes<\/p>\n<p><strong>\u00a0<\/strong><\/p>\n<p><strong>1983<\/strong><\/p>\n<p>04 <strong>Suldrun\u2019s Garden<\/strong><\/p>\n<p>New York: Berkley, als \u00bbLyonesse: Suldrun\u2019s Garden\u00ab, Lyonesse<\/p>\n<p>11 <strong>Cugel: The Skybreak Spatterlight<\/strong><\/p>\n<p>New York: Timescape Books, Dying Earth\/Cugel, als \u00bbCugel\u2019s Saga\u00ab, beinhaltet u. a. \u00bbThe Seventeen Virgins\u00ab, siehe 1975, und \u00bbThe Bagful of Dreams\u00ab, siehe 1977<\/p>\n<p><strong>\u00a0<\/strong><\/p>\n<p><strong>1984<\/strong><\/p>\n<p>08 <strong>Rhialto the Marvellous<\/strong><\/p>\n<p>San Francisco, CA, Columbia, PA: Brandywyne Books, Dying Earth, beinhaltet \u00bbThe Murthe\u00ab (1984), \u00bbFader\u2019s Waft\u00ab (1984) und \u00bbMorreion\u00ab (1973)<\/p>\n<p>08 <strong>Fader\u2019s Waft<\/strong><\/p>\n<p>in Rhialto the Marvellous, San Francisco, CA, Columbia, PA: Brandywyne, Dying Earth<\/p>\n<p>08 <strong>The Murthe<\/strong><\/p>\n<p>in Rhialto the Marvellous, San Francisco, CA, Columbia, PA: Brandywyne, Dying Earth<\/p>\n<p><strong>\u00a0<\/strong><\/p>\n<p><strong>1985<\/strong><\/p>\n<p>01 <strong>The Complete Magnus Ridolph<\/strong><\/p>\n<p>San Francisco, CA, Columbia, PA: Underwood-Miller, Magnus Ridolph, beinhaltet \u00bbThe Kokod Warriors\u00ab (1952), \u00bbThe Unspeakable McInch\u00ab (1948), \u00bbThe Howling Bounders\u00ab (1949), \u00bbThe King of Thieves\u00ab (1949), \u00bbThe Spa of the Stars\u00ab (1950), \u00bbCoup de Grace\u00ab (1958), \u00bbThe Sub-Standard Sardines\u00ab (1949), \u00bbTo B or Not to C or to D\u00ab (1950), \u00bbHard-Luck Diggins\u00ab (1948) und \u00bbSanatoris Short-Cut\u00ab (1948)<\/p>\n<p>05 <strong>Cat Island<\/strong><\/p>\n<p>in Light from a Lone Star, Cambridge, MA: NESFA Press<\/p>\n<p>06 <strong>The Green Pearl<\/strong><\/p>\n<p>San Francisco, CA, Columbia, PA: Underwood-Miller, als \u00bbLyonesse. The Green Pearl\u00ab, Lyonesse<\/p>\n<p>12 <strong>The Dark Ocean<\/strong><\/p>\n<p>San Francisco, CA, Columbia, PA: Underwood-Miller<\/p>\n<p>12 <strong>Strange People, Queer Notions<\/strong><\/p>\n<p>San Francisco, CA, Columbia, PA: Underwood-Miller, als \u00bbStrange Notions\u00ab<\/p>\n<p>&nbsp;<\/p>\n<p><strong>1987<\/strong><\/p>\n<p>09 <strong>Araminta Station<\/strong><\/p>\n<p>Los Angeles, CA, Columbia, PA: Underwood-Miller, Cadwal Chronicles<\/p>\n<p><strong>\u00a0<\/strong><\/p>\n<p><strong>1989<\/strong><\/p>\n<p>11 <strong>Madouc<\/strong><\/p>\n<p>Novato, CA, Columbia, PA: Underwood-Miller, als \u00bbLyonesse: Madouc\u00ab, Lyonesse<\/p>\n<p><strong>\u00a0<\/strong><\/p>\n<p><strong>1991<\/strong><\/p>\n<p>01 <strong>Ecce and Old Earth<\/strong><\/p>\n<p>Novato, CA, Columbia, PA: Underwood-Miller, Cadwal Chronicles<\/p>\n<p><strong>\u00a0<\/strong><\/p>\n<p><strong>1992<\/strong><\/p>\n<p>07 <strong>Throy<\/strong><\/p>\n<p>Novato, CA, Columbia, PA: Underwood-Miller, Cadwal Chronicles<\/p>\n<p><strong>\u00a0<\/strong><\/p>\n<p><strong>1996<\/strong><\/p>\n<p>04 <strong>Night Lamp<\/strong><\/p>\n<p>Grass Valley, CA: Underwood<\/p>\n<p><strong>\u00a0<\/strong><\/p>\n<p><strong>1998<\/strong><\/p>\n<p>01 <strong>Ports of Call<\/strong><\/p>\n<p>Grass Valley, CA: Underwood, Lurulu<\/p>\n<p><strong>\u00a0<\/strong><\/p>\n<p><strong>2004<\/strong><\/p>\n<p>12 <strong>Lurulu<\/strong><\/p>\n<p>New York: Tor, Lurulu, Erstausgabe unter gleichem Titel in Deutschland, 08\/2004<\/p>\n<p><strong>\u00a0<\/strong><\/p>\n<p><strong>2009<\/strong><\/p>\n<p>07 <strong>This is Me, Jack Vance!<\/strong> (or, More Properly, this is \u00bbI\u00ab)<\/p>\n<p>Burton, MI: Subterranean Press<\/p>\n","protected":false},"excerpt":{"rendered":"<p>Chronologische Bibliografie der Originalausgaben &nbsp; Verzeichnet sind die Originalausgaben mit dem jeweiligen Titel der Vance-Integral-Version (VIE), geordnet nach Jahr und Monat Ver\u00f6ffentlichung: 01-12 vor den Titeln gibt den Erscheinungsmonat innerhalb des Jahres an; \u00bb??\u00ab kennzeichnet, dass der Monat der Ver\u00f6ffentlichung unbekannt ist. Publikationen, Ausgabennummern, Verlagsort, Verlag sowie ggf. Titel der Originalver\u00f6ffentlichung, Serienzugeh\u00f6rigkeit und besondere Hinweise finden sich im Anschluss daran.&nbsp;<a href=\"https:\/\/editionandreasirle.de\/?page_id=64\" class=\"read-more\">Weiter lesen<\/a><\/p>\n","protected":false},"author":2,"featured_media":0,"parent":0,"menu_order":0,"comment_status":"closed","ping_status":"closed","template":"","meta":{"footnotes":""},"class_list":["post-64","page","type-page","status-publish","hentry"],"_links":{"self":[{"href":"https:\/\/editionandreasirle.de\/index.php?rest_route=\/wp\/v2\/pages\/64","targetHints":{"allow":["GET"]}}],"collection":[{"href":"https:\/\/editionandreasirle.de\/index.php?rest_route=\/wp\/v2\/pages"}],"about":[{"href":"https:\/\/editionandreasirle.de\/index.php?rest_route=\/wp\/v2\/types\/page"}],"author":[{"embeddable":true,"href":"https:\/\/editionandreasirle.de\/index.php?rest_route=\/wp\/v2\/users\/2"}],"replies":[{"embeddable":true,"href":"https:\/\/editionandreasirle.de\/index.php?rest_route=%2Fwp%2Fv2%2Fcomments&post=64"}],"version-history":[{"count":4,"href":"https:\/\/editionandreasirle.de\/index.php?rest_route=\/wp\/v2\/pages\/64\/revisions"}],"predecessor-version":[{"id":324,"href":"https:\/\/editionandreasirle.de\/index.php?rest_route=\/wp\/v2\/pages\/64\/revisions\/324"}],"wp:attachment":[{"href":"https:\/\/editionandreasirle.de\/index.php?rest_route=%2Fwp%2Fv2%2Fmedia&parent=64"}],"curies":[{"name":"wp","href":"https:\/\/api.w.org\/{rel}","templated":true}]}}