{"id":640,"date":"2017-11-25T12:47:24","date_gmt":"2017-11-25T11:47:24","guid":{"rendered":"http:\/\/editionandreasirle.de\/?page_id=640"},"modified":"2019-03-31T15:26:46","modified_gmt":"2019-03-31T13:26:46","slug":"wetraumoper","status":"publish","type":"page","link":"https:\/\/editionandreasirle.de\/?page_id=640","title":{"rendered":"Wetraumoper"},"content":{"rendered":"<p style=\"text-align: center;\"><img loading=\"lazy\" decoding=\"async\" class=\"alignnone size-medium wp-image-631\" src=\"http:\/\/editionandreasirle.de\/wp-content\/uploads\/2016\/11\/wo-194x300.jpg\" alt=\"\" width=\"194\" height=\"300\" srcset=\"https:\/\/editionandreasirle.de\/wp-content\/uploads\/2016\/11\/wo-194x300.jpg 194w, https:\/\/editionandreasirle.de\/wp-content\/uploads\/2016\/11\/wo.jpg 648w\" sizes=\"auto, (max-width: 194px) 100vw, 194px\" \/><\/p>\n<p style=\"text-align: center;\">Space Opera<br \/>\nJack Vance, 1965<br \/>\n\u00dcbersetzt von Andreas Irle<br \/>\n186 Seiten<br \/>\nEdition Andreas Irle, 2017<\/p>\n<p style=\"text-align: center;\">ISBN-13 978-3-936922-31-8<\/p>\n<p style=\"text-align: center;\">\u00a0Preis: \u20ac 50,--<\/p>\n<p style=\"text-align: center;\">Die Neunte Kompanie, eine Musikgruppe vom geheimnisumwitterten Planeten Rlaru, verschwindet w\u00e4hrend einer Gastspielreise auf merkw\u00fcrdige Art und Weise spurlos von der Erde. Dame Isabel, Schatzmeisterin der Opernliga beschlie\u00dft daraufhin, die Gro\u00dfe Oper zwischen die Sterne zu tragen und den Einwohnern verschiedener Planeten die irdische Kunst nahe zu bringen. Die hervorragendsten Musiker und S\u00e4nger sind ihr daf\u00fcr gerade gut genug.<\/p>\n<p style=\"text-align: center;\">Ihr Neffe, Roger, hat nat\u00fcrlich ganz andere Gr\u00fcnde, mit ihr auf Tournee zu gehen \u2013 genauer gesagt, nur einen Grund: Madoc Roswyn. Diese wiederum hat eigene Vorstellungen, was die Reise betrifft, und besitzt Mittel, diese in die Tat umzusetzen.<\/p>\n<p style=\"text-align: center;\">Begleiten Sie das Ensemble des Opernschiffes <em>Phoebus <\/em>auf ihrer einzigartigen Reise im Weltraum, und erleben Sie schlie\u00dflich mit, was auf der legend\u00e4ren Welt Rlaru, die auf dem Tourneeplan selbstverst\u00e4ndlich nicht fehlen darf, sondern gar den H\u00f6hepunkt darstellen soll, geschieht \u2026<\/p>\n<p style=\"text-align: center;\">Mit \u00bbWeltraumoper\u00ab \u2013 \u00bbSpace Opera\u00ab \u2013 nimmt Jack Vance die Bezeichnung dieser Spielart der Science Fiction augenzwinkernd w\u00f6rtlich und die Leser mit auf eine Reise zu den Sternen und in die Welt der Gro\u00dfen Oper. So erleben wir mit, ob die werten Zuschauer, welche in den Genuss irdischer Musik kommen, diese auch zu goutieren verstehen.<\/p>\n<p style=\"text-align: center;\">Dame Isabel hat bereits Informationen \u00fcber die Einheimischen von Zade erhalten und stellt die musikologische Gretchenfrage: \u00bbUnd ich habe geh\u00f6rt, dass sie [die Einheimischen von Zade], in einem gewissen Sinne, K\u00fcnstler sind. Das bedeutet, sie begreifen den kreativen Prozess, die Verfeinerung von Faktum zum Symbol und das Verwenden des Symbols, um Emotionen zum Ausdruck zu bringen?\u00ab Denn schlie\u00dflich gibt es auch unter ihnen K\u00fcnstler, die in der Lage sein sollten, den Schaffensprozess umzukehren und die den Werken zugrunde liegende Symbolik zu entschl\u00fcsseln \u2013oder etwa nicht?<\/p>\n<p>&nbsp;<\/p>\n","protected":false},"excerpt":{"rendered":"<p>Space Opera Jack Vance, 1965 \u00dcbersetzt von Andreas Irle 186 Seiten Edition Andreas Irle, 2017 ISBN-13 978-3-936922-31-8 \u00a0Preis: \u20ac 50,-- Die Neunte Kompanie, eine Musikgruppe vom geheimnisumwitterten Planeten Rlaru, verschwindet w\u00e4hrend einer Gastspielreise auf merkw\u00fcrdige Art und Weise spurlos von der Erde. Dame Isabel, Schatzmeisterin der Opernliga beschlie\u00dft daraufhin, die Gro\u00dfe Oper zwischen die Sterne zu tragen und den Einwohnern&nbsp;<a href=\"https:\/\/editionandreasirle.de\/?page_id=640\" class=\"read-more\">Weiter lesen<\/a><\/p>\n","protected":false},"author":2,"featured_media":0,"parent":369,"menu_order":0,"comment_status":"closed","ping_status":"closed","template":"","meta":{"footnotes":""},"class_list":["post-640","page","type-page","status-publish","hentry"],"_links":{"self":[{"href":"https:\/\/editionandreasirle.de\/index.php?rest_route=\/wp\/v2\/pages\/640","targetHints":{"allow":["GET"]}}],"collection":[{"href":"https:\/\/editionandreasirle.de\/index.php?rest_route=\/wp\/v2\/pages"}],"about":[{"href":"https:\/\/editionandreasirle.de\/index.php?rest_route=\/wp\/v2\/types\/page"}],"author":[{"embeddable":true,"href":"https:\/\/editionandreasirle.de\/index.php?rest_route=\/wp\/v2\/users\/2"}],"replies":[{"embeddable":true,"href":"https:\/\/editionandreasirle.de\/index.php?rest_route=%2Fwp%2Fv2%2Fcomments&post=640"}],"version-history":[{"count":2,"href":"https:\/\/editionandreasirle.de\/index.php?rest_route=\/wp\/v2\/pages\/640\/revisions"}],"predecessor-version":[{"id":653,"href":"https:\/\/editionandreasirle.de\/index.php?rest_route=\/wp\/v2\/pages\/640\/revisions\/653"}],"up":[{"embeddable":true,"href":"https:\/\/editionandreasirle.de\/index.php?rest_route=\/wp\/v2\/pages\/369"}],"wp:attachment":[{"href":"https:\/\/editionandreasirle.de\/index.php?rest_route=%2Fwp%2Fv2%2Fmedia&parent=640"}],"curies":[{"name":"wp","href":"https:\/\/api.w.org\/{rel}","templated":true}]}}