{"id":77,"date":"2017-07-08T12:25:58","date_gmt":"2017-07-08T10:25:58","guid":{"rendered":"http:\/\/editionandreasirle.com\/?page_id=77"},"modified":"2021-04-30T15:04:52","modified_gmt":"2021-04-30T13:04:52","slug":"bibliografien-sekundaerwerke","status":"publish","type":"page","link":"https:\/\/editionandreasirle.de\/?page_id=77","title":{"rendered":"Bibliografien \u2013 Sekund\u00e4rwerke"},"content":{"rendered":"<h3>\u00a0<\/h3>\n<h3>\u00a0<\/h3>\n<h3><span style=\"color: #ffffff;\">2016 <em>Jack Vance \u2013 Weltensch\u00f6pfer und Wortschmied<\/em> \u2013 herausgegeben von Andreas Irle, Bergneustadt: Irle, 505 Seiten<\/span><\/h3>\n<h3><span style=\"font-family: Garamond; color: #ffffff;\">1945 \u2013 Jack Vance: Einf\u00fchrung als Schriftsteller<br \/>1964\/69 \u2013 Franz Rottensteiner: Jack Vance<br \/>1965 \u2013 Richard Tiedman: Jack Vance \u2013 Science-Fiction-Stilist<br \/>1978 \u2013 Terry Dowling: Die Kunst der Xenografie<br \/>1980 \u2013 Arthur Jean Cox: Jack Vance \u2013 Der Welten-Denker<br \/>1985 \u2013 Russell Letson: Einleitung zu \u00bbLight from a Lone Star\u00ab<br \/>1987 \u2013 Russell Letson: Identit\u00e4t, Freiheit und Wille<br \/>1988 \u2013 David Alexander: Wie man Hunde t\u00f6tet<br \/>1996 \u2013 Andreas Irle: Wortschmied und Weltensch\u00f6pfer<br \/>2000 \u2013 Nick Gevers: Herr der Sprache, Meister der Tr\u00e4ume<br \/>2000 \u2013 Jack Vance: Biografische Skizze &amp; andere Fakten<br \/>2000 \u2013 Tom Shippey: Menschen sind formbar<br \/>2000 \u2013 David Langford: Aufwachsen und zur\u00fcckschlagen<br \/>2000 \u2013 David Mathew: Von Phade zu Wayness<br \/>2003 \u2013 Norma Vance: Eine Jack-Vance-Biografie<br \/>2003 \u2013 Norma Vance: Jack Vance aus anderem Blickwinkel<br \/>2009 \u2013 Paul Rhoads: Betrachtungen \u00fcber Gr\u00f6\u00dfe in der Literatur<br \/>2009 \u2013 Carlo Rotella: Der Genre-K\u00fcnstler<br \/>2013 \u2013 Gisbert Haefs: In Gedenken an Jack Vance<br \/>2014 \u2013 Mark von Schlegell: Der gro\u00dfe Jack Vance<\/span><\/h3>\n<h3>\u00a0<\/h3>\n<h3>\u00a0<\/h3>\n<h3><span style=\"color: #ffffff;\">2016 <em>Der D\u00e4monenf\u00fcrst \u2013 Die dissonanten Welten von Jack Vance<\/em> von Jack Rawlins \u2013 Bergneustadt: Irle, 151 Seiten (siehe <em><span style=\"font-family: Garamond;\">Demon Prince \u2013 The Dissonant Worlds of Jack Vance<\/span><\/em> \u2013 1986)<\/span><\/h3>\n<h3><span style=\"font-family: Garamond; color: #ffffff;\">- \u00dcber Jack Vance<br \/>- Vances Welten<br \/>- Vances Worte<br \/>- Vances Handlungen<br \/>- Nachwort: Neue Richtungen<br \/>- Ein Interview mit Jack Vance<br \/>- Ausgew\u00e4hlte Sekund\u00e4rliteratur<\/span><\/h3>\n<h3>\u00a0<\/h3>\n<h3>\u00a0<\/h3>\n<h3><span style=\"font-family: Garamond; color: #ffffff;\">2014 <em>Handbook of Vance Space<\/em> von Michael Andre-Driussi, 187 Seiten<\/span><\/h3>\n<h3>\u00a0<\/h3>\n<h3>\u00a0<\/h3>\n<h3><span style=\"font-family: Garamond; color: #ffffff;\">2014 <em>Meister der Farben, Sch\u00f6pfer der Welten, Gro\u00dfer Romantiker <\/em>von Manfred Roth, 135 Seiten<\/span><\/h3>\n<h3>\u00a0<\/h3>\n<h3>\u00a0<\/h3>\n<h3><span style=\"font-family: Garamond; color: #ffffff;\">2011 <em>The Wit and Wisdom of Jack Vance <\/em>von Miguel Lugo, 71 Seiten<\/span><\/h3>\n<h3>\u00a0<\/h3>\n<h3>\u00a0<\/h3>\n<h3><span style=\"font-family: Garamond; color: #ffffff;\">2009 <em>Winged Being<\/em> \u2013 Thoughts on Jack Vance and Patient Explanations of the Obvious von Paul Rhoads<\/span><\/h3>\n<h3>\u00a0<\/h3>\n<h3>\u00a0<\/h3>\n<h3><span style=\"font-family: Garamond; color: #ffffff;\">2001 <em>The Jack Vance Integral Edition (The Complete Works of Jack Vance\u00a0 \u2013 an Undiscovered American Classic)<\/em><br \/>- \u00dcber das VIE-Project<br \/>- \u00dcber Jack Vance<br \/>- Die VIE-Schriftart (alle Texte liegen in Deutsch, Englisch, Franz\u00f6sisch, Schwedisch, Italienisch und Holl\u00e4ndisch vor)<\/span><\/h3>\n<h3>\u00a0<\/h3>\n<h3>\u00a0<\/h3>\n<h3><span style=\"font-family: Garamond; color: #ffffff;\">2000 <em>Jack Vance Critical Appreciations and a Bibliography<\/em> hrsg. von A.E. Cunningham, 232 Seiten<br \/>- Foreword: In Praise, In Awe, of Jack Vance von Harlan Ellison<br \/>- Introduction: Fruit from the Tree of Life von Terry Dowling<br \/>- Winged Being Plucking Fruit from the Tree of Life von Paul Rhoads<br \/>- Biographical Sketch &amp; Other Facts von Jack Vance<br \/>- People are Plastic: Jack Vance &amp; the Dilemma of Cultural Relativism von Tom Shippey<br \/>- The Living Earth von Gene Wolfe<br \/>- Growing Up, Striking Back: Revenge in the Work of Jack Vance von David Langford<br \/>- Jack Vance: Dragon Master von Dan Simmons<br \/>- From Phade to Wayness: the Changing Role of Woman von David Mathew<br \/>- A Jack Vance Bibliography von A.E. Cunningham<br \/>- Publishing Jack Vance von Charles F. Miller<br \/>- Notes on the Contributors<\/span><\/h3>\n<h3>\u00a0<\/h3>\n<h3>\u00a0<\/h3>\n<h3><span style=\"font-family: Garamond; color: #ffffff;\">1999 <em>Flammarion Ausblick #2 <\/em>herausgegeben von Ludger C. Albrecht, 44 Seiten<br \/>- Jack-Vance-Fanzine (u. a. Hollandecke, Vance-Interview, Alan Dean Fosters Homanx-Commonwealth, etc.)<\/span><\/h3>\n<h3>\u00a0<\/h3>\n<h3>\u00a0<\/h3>\n<h3><span style=\"font-family: Garamond; color: #ffffff;\">1999 <em>Jack Vance <\/em>von Hardy Kettlitz, Gerd Frey, Winfried Volkmann, 104 Seiten<br \/>- Einleitung<br \/>- Biographische Notizen<br \/>- annotierte Bibliographie<\/span><\/h3>\n<h3>\u00a0<\/h3>\n<h3>\u00a0<\/h3>\n<h3><span style=\"font-family: Garamond; color: #ffffff;\">1998 <em>Flammarion Ausblick #1 <\/em>herausgegeben von Ludger C. Albrecht, 40 Seiten<br \/>- Jack-Vance-Fanzine (u. a. ein Interview mit JV)<\/span><\/h3>\n<h3>\u00a0<\/h3>\n<h3>\u00a0<\/h3>\n<h3><span style=\"font-family: Garamond; color: #ffffff;\">1997 <em>Vance Space<\/em> von Michael Andre-Driussi, 52 Seiten<br \/>- ein \"Reisef\u00fchrer\" durch die Welten von Jack Vance<\/span><\/h3>\n<h3>\u00a0<\/h3>\n<h3>\u00a0<\/h3>\n<h3><span style=\"font-family: Garamond; color: #ffffff;\">1994 <em>The Work of Jack Vance <\/em>hrsg. von Jerry Hewett und Daryl F. Mallett, 293 Seiten<br \/>- Foreword: Two Years and Two Hundred Hours von Jerry Hewett und Daryl F. Mallett<br \/>- Introduction: The World of Jack Vance von Robert Silverberg<br \/>- A Jack Vance Chronology<br \/>- Bibliography<br \/>- <em>The Genesee Slough Murders (<\/em>eine Romanskizze des unvollendeten dritten Joe-Bain-Krimis)<br \/>- Afterword: Jack Vance: The Man and the Myth von Tim Underwood<\/span><\/h3>\n<h3>\u00a0<\/h3>\n<h3>\u00a0<\/h3>\n<h3><span style=\"font-family: Garamond; color: #ffffff;\">1992 <em>The Jack Vance Lexicon \u2013 from Ahulph to Zipangote <\/em>von Dan Temianka, 136 Seiten<br \/>- ein Lexikon mit 1.700 Eintr\u00e4gen<\/span><\/h3>\n<h3>\u00a0<\/h3>\n<h3>\u00a0<\/h3>\n<h3><span style=\"font-family: Garamond; color: #ffffff;\">1986 <em>Demon Prince \u2013 The Dissonant Worlds of Jack Vance<\/em> von Jack Rawlins, 104 Seiten<br \/>- About Jack Vance<br \/>- Vance's Worlds<br \/>- Vance's Words<br \/>- Vance's Plots<br \/>- Afterword: New Directions<br \/>- An Interview with Jack Vance<br \/>- Selective Secondary Bibliography<\/span><\/h3>\n<h3>\u00a0<\/h3>\n<h3>\u00a0<\/h3>\n<h3><span style=\"font-family: Garamond; color: #ffffff;\">1985 <em>Light from a Lone Star,<\/em> 125 Seiten<br \/>- Introduction von Russell Letson<br \/>- The Men Return, Hard-Luck Diggins, First Star I See tonight, The Potters of Firsk, Noise, Cat Island<br \/>- A Talk with Jack Vance mit Tim Underwood<br \/>- A Vance Encyclopedia<\/span><\/h3>\n<h3>\u00a0<\/h3>\n<h3>\u00a0<\/h3>\n<h3><span style=\"font-family: Garamond; color: #ffffff;\">1980 <em>Jack Vance,<\/em> herausgegeben von Tim Underwood und Chuck Miller, 252 Seiten<br \/>- Jack Vance and <em>The Dragon Masters<\/em> von Norman Spinrad<br \/>- Fantasms, Magics and Unfamiliar Sciences: The Early Fiction of Jack Vance, 1945-50 von Peter Close<br \/>- Jack Vance \u2013 The World-Thinker von Arthur Jean Cox<br \/>- The Double Shadow: The Influence of Clark Asthon Smith von Don Herron<br \/>- Tschai: Four Planets of Adventure von Mark Willard<br \/>- <em>The Eyes of the Overworld <\/em>and <em>The Dying Earth<\/em> von Robert Silverberg<br \/>- Jack Vance's \"General Culture\" Novels: A Synoptic Survey von Terry Dowling<br \/>- Jack Vance: Science Fiction Stylist von Richard Tiedmann<br \/>- Concerning Jack Vance: An Afterword von Poul Anderson<br \/>- Jack Vance: A Biographical Note<br \/>- Jack Vance: A Bibliography, erstellt von Marshall B. Tymn<\/span><\/h3>\n\n\n<p><\/p>\n","protected":false},"excerpt":{"rendered":"<p>\u00a0 \u00a0 2016 Jack Vance \u2013 Weltensch\u00f6pfer und Wortschmied \u2013 herausgegeben von Andreas Irle, Bergneustadt: Irle, 505 Seiten 1945 \u2013 Jack Vance: Einf\u00fchrung als Schriftsteller1964\/69 \u2013 Franz Rottensteiner: Jack Vance1965 \u2013 Richard Tiedman: Jack Vance \u2013 Science-Fiction-Stilist1978 \u2013 Terry Dowling: Die Kunst der Xenografie1980 \u2013 Arthur Jean Cox: Jack Vance \u2013 Der Welten-Denker1985 \u2013 Russell Letson: Einleitung zu \u00bbLight from&nbsp;<a href=\"https:\/\/editionandreasirle.de\/?page_id=77\" class=\"read-more\">Weiter lesen<\/a><\/p>\n","protected":false},"author":2,"featured_media":0,"parent":0,"menu_order":0,"comment_status":"closed","ping_status":"closed","template":"","meta":{"footnotes":""},"class_list":["post-77","page","type-page","status-publish","hentry"],"_links":{"self":[{"href":"https:\/\/editionandreasirle.de\/index.php?rest_route=\/wp\/v2\/pages\/77","targetHints":{"allow":["GET"]}}],"collection":[{"href":"https:\/\/editionandreasirle.de\/index.php?rest_route=\/wp\/v2\/pages"}],"about":[{"href":"https:\/\/editionandreasirle.de\/index.php?rest_route=\/wp\/v2\/types\/page"}],"author":[{"embeddable":true,"href":"https:\/\/editionandreasirle.de\/index.php?rest_route=\/wp\/v2\/users\/2"}],"replies":[{"embeddable":true,"href":"https:\/\/editionandreasirle.de\/index.php?rest_route=%2Fwp%2Fv2%2Fcomments&post=77"}],"version-history":[{"count":9,"href":"https:\/\/editionandreasirle.de\/index.php?rest_route=\/wp\/v2\/pages\/77\/revisions"}],"predecessor-version":[{"id":868,"href":"https:\/\/editionandreasirle.de\/index.php?rest_route=\/wp\/v2\/pages\/77\/revisions\/868"}],"wp:attachment":[{"href":"https:\/\/editionandreasirle.de\/index.php?rest_route=%2Fwp%2Fv2%2Fmedia&parent=77"}],"curies":[{"name":"wp","href":"https:\/\/api.w.org\/{rel}","templated":true}]}}