{"id":860,"date":"2021-04-30T14:54:49","date_gmt":"2021-04-30T12:54:49","guid":{"rendered":"https:\/\/editionandreasirle.de\/?page_id=860"},"modified":"2021-04-30T14:57:17","modified_gmt":"2021-04-30T12:57:17","slug":"musik-der-sphaeren","status":"publish","type":"page","link":"https:\/\/editionandreasirle.de\/?page_id=860","title":{"rendered":"Musik der Sph\u00e4ren"},"content":{"rendered":"\n<p><\/p>\n\n\n\n<div class=\"wp-block-image\"><figure class=\"aligncenter\"><img loading=\"lazy\" decoding=\"async\" width=\"194\" height=\"300\" src=\"http:\/\/editionandreasirle.de\/wp-content\/uploads\/2020\/11\/MdS-194x300.jpg\" alt=\"\" class=\"wp-image-833\" srcset=\"https:\/\/editionandreasirle.de\/wp-content\/uploads\/2020\/11\/MdS-194x300.jpg 194w, https:\/\/editionandreasirle.de\/wp-content\/uploads\/2020\/11\/MdS-768x1185.jpg 768w, https:\/\/editionandreasirle.de\/wp-content\/uploads\/2020\/11\/MdS-664x1024.jpg 664w\" sizes=\"auto, (max-width: 194px) 100vw, 194px\" \/><\/figure><\/div>\n\n\n\n<p class=\"has-text-align-center\">Originalzusammenstellung<br>Geschichten von 1952-1953<br>\u00dcbersetzt von Andreas Irle<br>363 Seiten<br>Edition Andreas Irle, 2020<br>ISBN 978-3-936922-36-3<br>Preis: EUR 50,--<\/p>\n\n\n\n<p>Inhalt:<br>Station Abercrombie \u2013 Abercrombie Station<br>Chollwells H\u00fchner \u2013 Chollwell's Chicken<br>Sabotage auf dem Schwefelplaneten \u2013 Sabotage on Sulfur Planet<br>Musik der Sph\u00e4ren \u2013 Noise<br>Der dreibeinige Joe \u2013 Three-Legged Joe (deutsche Erstver\u00f6ffentlichung)<br>Fl\u00fcchtlinge! \u2013 DP! (deutsche Erstver\u00f6ffentlichung)<br>Die Welt dazwischen \u2013 The World Between<br>Die Mitr \u2013 The Mitr<br>Vierhundert Amseln \u2013 Four Hundred Blackbirds<br>Sjambak \u2013 Sjambak (deutsche Erstver\u00f6ffentlichung)<\/p>\n\n\n\n<p>Drei Geschichten als deutsche Erstver\u00f6ffentlichung, einige, deren Ver\u00f6ffentlichung hierzulande sehr lange her ist, und die sehr sch\u00f6ne Titelgeschichte \"Musik der Sph\u00e4ren\".<\/p>\n","protected":false},"excerpt":{"rendered":"<p>OriginalzusammenstellungGeschichten von 1952-1953\u00dcbersetzt von Andreas Irle363 SeitenEdition Andreas Irle, 2020ISBN 978-3-936922-36-3Preis: EUR 50,-- Inhalt:Station Abercrombie \u2013 Abercrombie StationChollwells H\u00fchner \u2013 Chollwell's ChickenSabotage auf dem Schwefelplaneten \u2013 Sabotage on Sulfur PlanetMusik der Sph\u00e4ren \u2013 NoiseDer dreibeinige Joe \u2013 Three-Legged Joe (deutsche Erstver\u00f6ffentlichung)Fl\u00fcchtlinge! \u2013 DP! (deutsche Erstver\u00f6ffentlichung)Die Welt dazwischen \u2013 The World BetweenDie Mitr \u2013 The MitrVierhundert Amseln \u2013 Four Hundred BlackbirdsSjambak&nbsp;<a href=\"https:\/\/editionandreasirle.de\/?page_id=860\" class=\"read-more\">Weiter lesen<\/a><\/p>\n","protected":false},"author":2,"featured_media":0,"parent":369,"menu_order":0,"comment_status":"closed","ping_status":"closed","template":"","meta":{"footnotes":""},"class_list":["post-860","page","type-page","status-publish","hentry"],"_links":{"self":[{"href":"https:\/\/editionandreasirle.de\/index.php?rest_route=\/wp\/v2\/pages\/860","targetHints":{"allow":["GET"]}}],"collection":[{"href":"https:\/\/editionandreasirle.de\/index.php?rest_route=\/wp\/v2\/pages"}],"about":[{"href":"https:\/\/editionandreasirle.de\/index.php?rest_route=\/wp\/v2\/types\/page"}],"author":[{"embeddable":true,"href":"https:\/\/editionandreasirle.de\/index.php?rest_route=\/wp\/v2\/users\/2"}],"replies":[{"embeddable":true,"href":"https:\/\/editionandreasirle.de\/index.php?rest_route=%2Fwp%2Fv2%2Fcomments&post=860"}],"version-history":[{"count":3,"href":"https:\/\/editionandreasirle.de\/index.php?rest_route=\/wp\/v2\/pages\/860\/revisions"}],"predecessor-version":[{"id":971,"href":"https:\/\/editionandreasirle.de\/index.php?rest_route=\/wp\/v2\/pages\/860\/revisions\/971"}],"up":[{"embeddable":true,"href":"https:\/\/editionandreasirle.de\/index.php?rest_route=\/wp\/v2\/pages\/369"}],"wp:attachment":[{"href":"https:\/\/editionandreasirle.de\/index.php?rest_route=%2Fwp%2Fv2%2Fmedia&parent=860"}],"curies":[{"name":"wp","href":"https:\/\/api.w.org\/{rel}","templated":true}]}}