{"id":969,"date":"2023-09-15T16:56:52","date_gmt":"2023-09-15T14:56:52","guid":{"rendered":"https:\/\/editionandreasirle.de\/?page_id=969"},"modified":"2024-05-01T16:01:08","modified_gmt":"2024-05-01T14:01:08","slug":"die-gabe-der-sprache","status":"publish","type":"page","link":"https:\/\/editionandreasirle.de\/?page_id=969","title":{"rendered":"Die Gabe der Sprache"},"content":{"rendered":"<div class=\"wp-block-image\">\n<figure class=\"aligncenter size-large is-resized\"><img loading=\"lazy\" decoding=\"async\" width=\"681\" height=\"1024\" src=\"https:\/\/editionandreasirle.de\/wp-content\/uploads\/2023\/09\/Die-Gabe-der-Sprache-gross-681x1024.jpg\" alt=\"\" class=\"wp-image-970\" style=\"object-fit:cover;width:194px;height:300px\" srcset=\"https:\/\/editionandreasirle.de\/wp-content\/uploads\/2023\/09\/Die-Gabe-der-Sprache-gross-681x1024.jpg 681w, https:\/\/editionandreasirle.de\/wp-content\/uploads\/2023\/09\/Die-Gabe-der-Sprache-gross-200x300.jpg 200w, https:\/\/editionandreasirle.de\/wp-content\/uploads\/2023\/09\/Die-Gabe-der-Sprache-gross-768x1154.jpg 768w, https:\/\/editionandreasirle.de\/wp-content\/uploads\/2023\/09\/Die-Gabe-der-Sprache-gross-1022x1536.jpg 1022w, https:\/\/editionandreasirle.de\/wp-content\/uploads\/2023\/09\/Die-Gabe-der-Sprache-gross-1363x2048.jpg 1363w, https:\/\/editionandreasirle.de\/wp-content\/uploads\/2023\/09\/Die-Gabe-der-Sprache-gross-scaled.jpg 1703w\" sizes=\"auto, (max-width: 681px) 100vw, 681px\" \/><\/figure>\n<\/div>\n\n\n<p class=\"has-text-align-center\">Originalzusammenstellung<br>Geschichten von 1953-1957<br>\u00dcbersetzt von Andreas Irle<br>369 Seiten<br>Edition Andreas Irle, 2023<br>ISBN 978-3-936922-39-4<br>Preis: EUR 55,--<\/p>\n\n\n\n<p>Inhalt:<br>Ausschlussverfahren \u2013 Shape-Up (deutsche Erstver\u00f6ffentlichung)<br>Die H\u00e4user von Iszmus \u2013 The Houses of Iszm<br>Der zerstreute Professor \u2013 The Absent Minded Professor (deutsche Erstver\u00f6ffentlichung)<br>Die Nacht der f\u00fcnf Monde \u2013 When the Five Moons Rise<br>Die verzauberte Prinzessin \u2013 The Enchanted Princess<br>Der Teufel auf der Segensklippe \u2013&nbsp;The Devil on Salvation Bluff<br>Treffen Sie Miss Universum \u2013 Meet Miss Universe<br>Die Gabe der Sprache \u2013 The Gift of Gab<br>Der Phantom-Milchmann \u2013&nbsp;The Phantom Milkman (deutsche Erstver\u00f6ffentlichung)<br>Wo Hesperus f\u00e4llt \u2013&nbsp;Where Hesperus Falls<br>Die R\u00fcckkehr des Menschen \u2013&nbsp;The Men Return<br>Leitfaden f\u00fcr Praktiker \u2013 A Practical Man's Guide (deutsche Erstver\u00f6ffentlichung)&nbsp;&nbsp;&nbsp;&nbsp;&nbsp;&nbsp;&nbsp;&nbsp;<\/p>\n\n\n\n<p>Vier Geschichten als deutsche Erstver\u00f6ffentlichung, einige, deren Ver\u00f6ffentlichung hierzulande sehr lange her ist. F\u00fcr mich die beste Geschichte der Sammlung: \"Die H\u00e4user von Iszmus\".<\/p>\n","protected":false},"excerpt":{"rendered":"<p>OriginalzusammenstellungGeschichten von 1953-1957\u00dcbersetzt von Andreas Irle369 SeitenEdition Andreas Irle, 2023ISBN 978-3-936922-39-4Preis: EUR 55,-- Inhalt:Ausschlussverfahren \u2013 Shape-Up (deutsche Erstver\u00f6ffentlichung)Die H\u00e4user von Iszmus \u2013 The Houses of IszmDer zerstreute Professor \u2013 The Absent Minded Professor (deutsche Erstver\u00f6ffentlichung)Die Nacht der f\u00fcnf Monde \u2013 When the Five Moons RiseDie verzauberte Prinzessin \u2013 The Enchanted PrincessDer Teufel auf der Segensklippe \u2013&nbsp;The Devil on Salvation BluffTreffen&nbsp;<a href=\"https:\/\/editionandreasirle.de\/?page_id=969\" class=\"read-more\">Weiter lesen<\/a><\/p>\n","protected":false},"author":2,"featured_media":0,"parent":0,"menu_order":0,"comment_status":"closed","ping_status":"closed","template":"","meta":{"footnotes":""},"class_list":["post-969","page","type-page","status-publish","hentry"],"_links":{"self":[{"href":"https:\/\/editionandreasirle.de\/index.php?rest_route=\/wp\/v2\/pages\/969","targetHints":{"allow":["GET"]}}],"collection":[{"href":"https:\/\/editionandreasirle.de\/index.php?rest_route=\/wp\/v2\/pages"}],"about":[{"href":"https:\/\/editionandreasirle.de\/index.php?rest_route=\/wp\/v2\/types\/page"}],"author":[{"embeddable":true,"href":"https:\/\/editionandreasirle.de\/index.php?rest_route=\/wp\/v2\/users\/2"}],"replies":[{"embeddable":true,"href":"https:\/\/editionandreasirle.de\/index.php?rest_route=%2Fwp%2Fv2%2Fcomments&post=969"}],"version-history":[{"count":7,"href":"https:\/\/editionandreasirle.de\/index.php?rest_route=\/wp\/v2\/pages\/969\/revisions"}],"predecessor-version":[{"id":999,"href":"https:\/\/editionandreasirle.de\/index.php?rest_route=\/wp\/v2\/pages\/969\/revisions\/999"}],"wp:attachment":[{"href":"https:\/\/editionandreasirle.de\/index.php?rest_route=%2Fwp%2Fv2%2Fmedia&parent=969"}],"curies":[{"name":"wp","href":"https:\/\/api.w.org\/{rel}","templated":true}]}}